{"id":11393,"date":"2022-01-20T07:37:50","date_gmt":"2022-01-20T06:37:50","guid":{"rendered":"https:\/\/colegiolourdes.es\/?page_id=11393"},"modified":"2025-05-05T11:48:40","modified_gmt":"2025-05-05T09:48:40","slug":"reembolso_devoluciones","status":"publish","type":"page","link":"https:\/\/colegiolourdes.es\/index.php\/reembolso_devoluciones\/","title":{"rendered":"Pol\u00edtica de devoluciones y reembolsos"},"content":{"rendered":"<div class=\"brz-root__container brz-reset-all brz brz-root__container-page\">\n<section id=\"_izmewhbedvzvjnqmsudxuyfjjxiybscrzdcv\" class=\"brz-section brz-css-9pphhj\">\n<div class=\"brz-section__content brz-section--boxed brz-css-bn2b6w\" data-brz-custom-id=\"pxqylzxrcfghvaulvzmrrkavcbghapiytied\">\n<div class=\"brz-container brz-css-trlp5p\">\n<div id=\"\" class=\"brz-css-110e8yh brz-wrapper\">\n<div class=\"brz-rich-text brz-rich-text__custom brz-css-1aay7fp\" data-brz-custom-id=\"ofdyogjtngwvjvszqoiquvjupiqxggqooiia\">\n<div data-brz-translate-text=\"1\">\n<p class=\"brz-text-lg-center brz-tp-lg-heading3 brz-css-bKRC3\" data-generated-css=\"brz-css-hgdfi\" data-uniq-id=\"iansa\"><span class=\"brz-cp-color7\">Pol\u00edtica de Devoluciones<\/span><\/p>\n<\/div>\n<\/div>\n<\/div>\n<div id=\"\" class=\"brz-css-110e8yh brz-wrapper\">\n<div class=\"brz-rich-text brz-rich-text__custom brz-css-1aay7fp\" data-brz-custom-id=\"tidgohgdckwiuxuwvlxvdmkgeryjqdxfadhp\">\n<div data-brz-translate-text=\"1\">\n<p class=\"brz-tp-lg-paragraph brz-css-wdXeT\" data-generated-css=\"brz-css-emueo\" data-uniq-id=\"worra\"><span class=\"brz-cp-color7\">Podr\u00e1 (i) cambiar sus productos, u (ii) obtener un reembolso \u00edntegro si dichos productos del pedido se encuentran da\u00f1ados o presentan defectos una vez recibidos, o si los productos que recibe no son los que solicit\u00f3 originalmente.<\/span><\/p>\n<p class=\"brz-tp-lg-paragraph brz-css-oUcK5\" data-generated-css=\"brz-css-ehrbr\" data-uniq-id=\"ddrql\"><span class=\"brz-cp-color7\"> <\/span><\/p>\n<p class=\"brz-tp-lg-paragraph brz-css-sbE5n\" data-generated-css=\"brz-css-oarpm\" data-uniq-id=\"ouhxq\"><span class=\"brz-cp-color7\">Si decides devolver productos da\u00f1ados o defectuosos, o recibiste un pedido incorrecto, te reembolsaremos el precio total de la compra, por tanto:<\/span><\/p>\n<p class=\"brz-tp-lg-paragraph brz-css-guaNU\" data-generated-css=\"brz-css-klhdx\" data-uniq-id=\"hfupx\"><span class=\"brz-cp-color7\"> <\/span><\/p>\n<p class=\"brz-tp-lg-paragraph brz-css-h53IV\" data-generated-css=\"brz-css-cajep\" data-uniq-id=\"xrmha\"><span class=\"brz-cp-color7\">&#8211; necesitamos que nos devuelvas los productos en perfecto estado y la documentaci\u00f3n de entrega de tu pedido. Si no nos devuelves los productos, debemos cobrar el precio de los mismos.<\/span><\/p>\n<p class=\"brz-tp-lg-paragraph brz-css-n0FrU\" data-generated-css=\"brz-css-gobun\" data-uniq-id=\"biozd\"><span class=\"brz-cp-color7\"> <\/span><\/p>\n<p class=\"brz-tp-lg-paragraph brz-css-mAvyW\" data-generated-css=\"brz-css-wzior\" data-uniq-id=\"cjvgm\"><span class=\"brz-cp-color7\">Si decides cambiar unos productos da\u00f1ados o defectuosos o un pedido incorrecto, le haremos llegar los art\u00edculos de sustituci\u00f3n gratuitamente siempre y cuando nos haya devuelto previamente los productos del pedido en el estado en el que los haya recibido. Puedes devolver tus productos o realizar los cambios necesarios, llev\u00e1ndolos directamente a la tienda donde ser\u00e1n gestionadas. <\/span><\/p>\n<p class=\"brz-tp-lg-paragraph brz-css-mULr3\" data-generated-css=\"brz-css-thaiw\" data-uniq-id=\"tfxkz\"><span class=\"brz-cp-color7\"> <\/span><\/p>\n<p class=\"brz-tp-lg-paragraph brz-css-xOiBz\" data-generated-css=\"brz-css-gczod\" data-uniq-id=\"mbmui\"><span class=\"brz-cp-color7\">La devoluci\u00f3n de tu dinero se efect\u00faa en el mismo m\u00e9todo de pago que utilizaste al realizar tu pedido.<\/span><\/p>\n<p class=\"brz-tp-lg-paragraph brz-css-qo3LH\" data-generated-css=\"brz-css-tqeqo\" data-uniq-id=\"evflj\"><span class=\"brz-cp-color7\"> <\/span><\/p>\n<p class=\"brz-tp-lg-paragraph brz-css-itkaJ\" data-generated-css=\"brz-css-ekwet\" data-uniq-id=\"rpgxm\"><span class=\"brz-cp-color7\">El tiempo estimado para tu reembolso es de 3 a 5 d\u00edas laborables (ten en cuenta que dependiendo de tu banco este plazo puede ser mayor) desde que hayamos recibido los productos que has devuelto.<\/span><\/p>\n<p class=\"brz-tp-lg-paragraph brz-css-d_clf\" data-generated-css=\"brz-css-geisz\" data-uniq-id=\"ptikg\"><span class=\"brz-cp-color7\"> <\/span><\/p>\n<p class=\"brz-tp-lg-paragraph brz-css-sKMH0\" data-generated-css=\"brz-css-wspvm\" data-uniq-id=\"btyta\"><span class=\"brz-cp-color7\">Gesti\u00f3n de cambios y devoluciones.<\/span><\/p>\n<p class=\"brz-tp-lg-paragraph brz-css-gNXy_\" data-generated-css=\"brz-css-ohbug\" data-uniq-id=\"zpisw\"><span class=\"brz-cp-color7\"> <\/span><\/p>\n<p class=\"brz-tp-lg-paragraph brz-css-nfuWK\" data-generated-css=\"brz-css-avwdi\" data-uniq-id=\"vldgd\"><span class=\"brz-cp-color7\">1: Re\u00fane la documentaci\u00f3n de Entrega (Qu\u00e9 debes llevar a la tienda):<\/span><\/p>\n<p class=\"brz-tp-lg-paragraph brz-css-wSgkW\" data-generated-css=\"brz-css-jlbns\" data-uniq-id=\"zfdjb\"><span class=\"brz-cp-color7\"> <\/span><\/p>\n<p class=\"brz-tp-lg-paragraph brz-css-pn4oj\" data-generated-css=\"brz-css-xyagq\" data-uniq-id=\"yrcxm\"><span class=\"brz-cp-color7\">1. a) Documentaci\u00f3n de Entrega con el N\u00famero de Entrega<\/span><\/p>\n<p class=\"brz-tp-lg-paragraph brz-css-v1ztq\" data-generated-css=\"brz-css-kstan\" data-uniq-id=\"irtps\"><span class=\"brz-cp-color7\">2. b) Los productos que desees devolver<\/span><\/p>\n<p class=\"brz-tp-lg-paragraph brz-css-xBN7k\" data-generated-css=\"brz-css-tbvwd\" data-uniq-id=\"qafxv\"><span class=\"brz-cp-color7\"> <\/span><\/p>\n<p class=\"brz-tp-lg-paragraph brz-css-n2zfm\" data-generated-css=\"brz-css-ivjem\" data-uniq-id=\"gitcn\"><span class=\"brz-cp-color7\">2: Si no te es posible acudir a la tienda en el horario de atenci\u00f3n al p\u00fablico:<\/span><\/p>\n<p class=\"brz-tp-lg-paragraph brz-css-buP9U\" data-generated-css=\"brz-css-joajg\" data-uniq-id=\"jhetq\"><span class=\"brz-cp-color7\"> <\/span><\/p>\n<p class=\"brz-tp-lg-paragraph brz-css-rVtT4\" data-generated-css=\"brz-css-ltcnw\" data-uniq-id=\"igtqk\"><span class=\"brz-cp-color7\">1. a) Re\u00fane la documentaci\u00f3n de Entrega \u2013 documentaci\u00f3n de entrega con n\u00famero de pedido<\/span><\/p>\n<p class=\"brz-tp-lg-paragraph brz-css-myRIK\" data-generated-css=\"brz-css-aicbo\" data-uniq-id=\"cnvwg\"><span class=\"brz-cp-color7\">2. b) Los productos que desees devolver<\/span><\/p>\n<p class=\"brz-tp-lg-paragraph brz-css-w7g3X\" data-generated-css=\"brz-css-thbuu\" data-uniq-id=\"xifxg\"><span class=\"brz-cp-color7\">3. c) Lleva tus productos y documentaci\u00f3n a recepci\u00f3n del Colegio, indicando que se trata de cambio o devoluci\u00f3n destinado a la tienda.<\/span><\/p>\n<p class=\"brz-tp-lg-paragraph brz-css-zcd7t\" data-generated-css=\"brz-css-zrblf\" data-uniq-id=\"hgrny\"><span class=\"brz-cp-color7\"> <\/span><\/p>\n<p class=\"brz-tp-lg-paragraph brz-css-uqFRo\" data-generated-css=\"brz-css-xcszl\" data-uniq-id=\"vqxrf\"><span class=\"brz-cp-color7\">Disposiciones Generales &#8211; www.colegiolourdes.es se reserva el derecho a:<\/span><\/p>\n<p class=\"brz-tp-lg-paragraph brz-css-n_u8X\" data-generated-css=\"brz-css-xgjyi\" data-uniq-id=\"cdpzs\"><span class=\"brz-cp-color7\"> <\/span><\/p>\n<p class=\"brz-tp-lg-paragraph brz-css-uGGTV\" data-generated-css=\"brz-css-wxebq\" data-uniq-id=\"iidwi\"><span class=\"brz-cp-color7\">Aseg\u00farate del buen estado y de empaquetar correctamente los productos; si llegan deteriorados no podremos procesar tu devoluci\u00f3n. Los elementos devueltos ser\u00e1n procesados en un plazo de cinco (5) d\u00edas laborables desde la recepci\u00f3n.<\/span><\/p>\n<p class=\"brz-tp-lg-paragraph brz-css-wkTUC\" data-generated-css=\"brz-css-jkwzq\" data-uniq-id=\"xfngq\"><span class=\"brz-cp-color7\"> <\/span><\/p>\n<p class=\"brz-tp-lg-paragraph brz-css-aJaOX\" data-generated-css=\"brz-css-ooqgh\" data-uniq-id=\"epihk\"><span class=\"brz-cp-color7\">\u2022 Modificar o cancelar, temporal o permanentemente, el servicio prestado a trav\u00e9s de www.colegiolourdes.es tienda on-line(o cualquier parte de \u00e9ste) con o sin preaviso. www.colegiolourdes.es no ser\u00e1 responsable frente a Ud. o frente a otros terceros por tal modificaci\u00f3n o cancelaci\u00f3n; y\/o <\/span><\/p>\n<p class=\"brz-tp-lg-paragraph brz-css-mTuKc\" data-generated-css=\"brz-css-xfwps\" data-uniq-id=\"pjvoo\"><span class=\"brz-cp-color7\">\u2022 Si, pese a modificarse los T\u00e9rminos y Condiciones y\/o las Condiciones de Entrega, Ud. contin\u00faa utilizando el servicio prestado a trav\u00e9s de www.colegiolourdes.es tienda on-line (o cualquier parte de \u00e9ste) tras dicha modificaci\u00f3n, se considerar\u00e1 que ha dado su conformidad a dicho cambio. Ud. ser\u00e1 el responsable de verificar las Condiciones regularmente con el fin de determinar si se ha producido alg\u00fan cambio. Si no est\u00e1 de acuerdo con alguna modificaci\u00f3n de los T\u00e9rminos y Condiciones, deber\u00e1 dejar de utilizar con car\u00e1cter inmediato el servicio de www.colegiolourdes.es tienda on-line. <\/span><\/p>\n<p class=\"brz-tp-lg-paragraph brz-css-lzUA_\" data-uniq-id=\"rsbar\" data-generated-css=\"brz-css-bfcsa\"><span class=\"brz-cp-color7\">\u2022 En caso de que www.colegiolourdes.es modifique estas Condiciones, su pedido quedar\u00e1 sujeto a las Condiciones vigentes en la fecha y hora en que Ud. realiz\u00f3 su pedido. Podr\u00e1 solicitar copia de la versi\u00f3n vigente de las Condiciones v\u00eda e-mail a la direcci\u00f3n: info@colegiolourdes.es<\/span><\/p>\n<p class=\"brz-tp-lg-paragraph brz-css-b5Cqc\" data-uniq-id=\"leyex\" data-generated-css=\"brz-css-pxsmz\"><\/p>\n<p class=\"brz-tp-lg-paragraph brz-css-eR_wx\" data-uniq-id=\"wzych\" data-generated-css=\"brz-css-yrhua\"><span class=\"brz-cp-color7\">En caso de que alguna parte de los T\u00e9rminos y Condiciones sea declarada ilegal o inaplicable, la disposici\u00f3n afectada se considerar\u00e1 eliminada, permaneciendo plenamente vigentes las restantes disposiciones de los mencionados T\u00e9rminos y Condiciones. El contrato de compraventa celebrado entre Ud. y nuestra compa\u00f1\u00eda se regir\u00e1 por la legislaci\u00f3n espa\u00f1ola. Cualquier conflicto relativo a los T\u00e9rminos y Condiciones deber\u00e1 resolverse en los tribunales de Valladolid.<\/span><\/p>\n<\/div>\n<\/div>\n<\/div>\n<\/div>\n<\/div>\n<\/section>\n<\/div>\n<p>    <!-- version:1737037441 --><\/p>\n","protected":false},"excerpt":{"rendered":"<p>Pol\u00edtica de Devoluciones Podr\u00e1 (i) cambiar sus productos, u (ii) obtener un reembolso \u00edntegro si dichos productos del pedido se encuentran da\u00f1ados o presentan defectos una vez recibidos, o si los productos que recibe no son los que solicit\u00f3 originalmente. Si decides devolver productos da\u00f1ados o defectuosos, o recibiste un pedido incorrecto, te reembolsaremos el&hellip; <a class=\"more-link\" href=\"https:\/\/colegiolourdes.es\/index.php\/reembolso_devoluciones\/\">Seguir leyendo <span class=\"screen-reader-text\">Pol\u00edtica de devoluciones y reembolsos<\/span><\/a><\/p>\n","protected":false},"author":1,"featured_media":0,"parent":0,"menu_order":0,"comment_status":"closed","ping_status":"closed","template":"brizy-blank-template.php","meta":{"footnotes":""},"class_list":["post-11393","page","type-page","status-publish","hentry","entry"],"yoast_head":"<!-- This site is optimized with the Yoast SEO plugin v27.6 - https:\/\/yoast.com\/product\/yoast-seo-wordpress\/ -->\n<title>Pol\u00edtica de devoluciones y reembolsos - Colegio Lourdes<\/title>\n<meta name=\"robots\" content=\"index, follow, max-snippet:-1, max-image-preview:large, max-video-preview:-1\" \/>\n<link rel=\"canonical\" href=\"https:\/\/colegiolourdes.es\/index.php\/reembolso_devoluciones\/\" \/>\n<meta property=\"og:locale\" content=\"es_ES\" \/>\n<meta property=\"og:type\" content=\"article\" \/>\n<meta property=\"og:title\" content=\"Pol\u00edtica de devoluciones y reembolsos - Colegio Lourdes\" \/>\n<meta property=\"og:description\" content=\"Pol\u00edtica de Devoluciones Podr\u00e1 (i) cambiar sus productos, u (ii) obtener un reembolso \u00edntegro si dichos productos del pedido se encuentran da\u00f1ados o presentan defectos una vez recibidos, o si los productos que recibe no son los que solicit\u00f3 originalmente. Si decides devolver productos da\u00f1ados o defectuosos, o recibiste un pedido incorrecto, te reembolsaremos el&hellip; Seguir leyendo Pol\u00edtica de devoluciones y reembolsos\" \/>\n<meta property=\"og:url\" content=\"https:\/\/colegiolourdes.es\/index.php\/reembolso_devoluciones\/\" \/>\n<meta property=\"og:site_name\" content=\"Colegio Lourdes\" \/>\n<meta property=\"article:publisher\" content=\"https:\/\/www.facebook.com\/colegiolourdesva\" \/>\n<meta property=\"article:modified_time\" content=\"2025-05-05T09:48:40+00:00\" \/>\n<meta name=\"twitter:card\" content=\"summary_large_image\" \/>\n<meta name=\"twitter:site\" content=\"@ColeLourdesVa\" \/>\n<meta name=\"twitter:label1\" content=\"Tiempo de lectura\" \/>\n\t<meta name=\"twitter:data1\" content=\"3 minutos\" \/>\n<script type=\"application\/ld+json\" class=\"yoast-schema-graph\">{\"@context\":\"https:\\\/\\\/schema.org\",\"@graph\":[{\"@type\":\"WebPage\",\"@id\":\"https:\\\/\\\/colegiolourdes.es\\\/index.php\\\/reembolso_devoluciones\\\/\",\"url\":\"https:\\\/\\\/colegiolourdes.es\\\/index.php\\\/reembolso_devoluciones\\\/\",\"name\":\"Pol\u00edtica de devoluciones y reembolsos - Colegio Lourdes\",\"isPartOf\":{\"@id\":\"https:\\\/\\\/colegiolourdes.es\\\/#website\"},\"datePublished\":\"2022-01-20T06:37:50+00:00\",\"dateModified\":\"2025-05-05T09:48:40+00:00\",\"inLanguage\":\"es\",\"potentialAction\":[{\"@type\":\"ReadAction\",\"target\":[\"https:\\\/\\\/colegiolourdes.es\\\/index.php\\\/reembolso_devoluciones\\\/\"]}]},{\"@type\":\"WebSite\",\"@id\":\"https:\\\/\\\/colegiolourdes.es\\\/#website\",\"url\":\"https:\\\/\\\/colegiolourdes.es\\\/\",\"name\":\"Colegio Lourdes\",\"description\":\"Web del Colegio Nuestra Se\u00f1ora de Lourdes de Valladolid.\",\"publisher\":{\"@id\":\"https:\\\/\\\/colegiolourdes.es\\\/#organization\"},\"alternateName\":\"Colegio Nuestra Se\u00f1ora de Lourdes\",\"potentialAction\":[{\"@type\":\"SearchAction\",\"target\":{\"@type\":\"EntryPoint\",\"urlTemplate\":\"https:\\\/\\\/colegiolourdes.es\\\/?s={search_term_string}\"},\"query-input\":{\"@type\":\"PropertyValueSpecification\",\"valueRequired\":true,\"valueName\":\"search_term_string\"}}],\"inLanguage\":\"es\"},{\"@type\":\"Organization\",\"@id\":\"https:\\\/\\\/colegiolourdes.es\\\/#organization\",\"name\":\"Colegio Nuestra Se\u00f1ora de Lourdes\",\"alternateName\":\"Colegio Lourdes Valladolid\",\"url\":\"https:\\\/\\\/colegiolourdes.es\\\/\",\"logo\":{\"@type\":\"ImageObject\",\"inLanguage\":\"es\",\"@id\":\"https:\\\/\\\/colegiolourdes.es\\\/#\\\/schema\\\/logo\\\/image\\\/\",\"url\":\"https:\\\/\\\/colegiolourdes.es\\\/wp-content\\\/uploads\\\/2021\\\/11\\\/cropped-Escudo.png\",\"contentUrl\":\"https:\\\/\\\/colegiolourdes.es\\\/wp-content\\\/uploads\\\/2021\\\/11\\\/cropped-Escudo.png\",\"width\":85,\"height\":105,\"caption\":\"Colegio Nuestra Se\u00f1ora de Lourdes\"},\"image\":{\"@id\":\"https:\\\/\\\/colegiolourdes.es\\\/#\\\/schema\\\/logo\\\/image\\\/\"},\"sameAs\":[\"https:\\\/\\\/www.facebook.com\\\/colegiolourdesva\",\"https:\\\/\\\/x.com\\\/ColeLourdesVa\",\"https:\\\/\\\/www.instagram.com\\\/colegio_lourdes_valladolid\\\/\"]}]}<\/script>\n<!-- \/ Yoast SEO plugin. -->","yoast_head_json":{"title":"Pol\u00edtica de devoluciones y reembolsos - Colegio Lourdes","robots":{"index":"index","follow":"follow","max-snippet":"max-snippet:-1","max-image-preview":"max-image-preview:large","max-video-preview":"max-video-preview:-1"},"canonical":"https:\/\/colegiolourdes.es\/index.php\/reembolso_devoluciones\/","og_locale":"es_ES","og_type":"article","og_title":"Pol\u00edtica de devoluciones y reembolsos - Colegio Lourdes","og_description":"Pol\u00edtica de Devoluciones Podr\u00e1 (i) cambiar sus productos, u (ii) obtener un reembolso \u00edntegro si dichos productos del pedido se encuentran da\u00f1ados o presentan defectos una vez recibidos, o si los productos que recibe no son los que solicit\u00f3 originalmente. Si decides devolver productos da\u00f1ados o defectuosos, o recibiste un pedido incorrecto, te reembolsaremos el&hellip; Seguir leyendo Pol\u00edtica de devoluciones y reembolsos","og_url":"https:\/\/colegiolourdes.es\/index.php\/reembolso_devoluciones\/","og_site_name":"Colegio Lourdes","article_publisher":"https:\/\/www.facebook.com\/colegiolourdesva","article_modified_time":"2025-05-05T09:48:40+00:00","twitter_card":"summary_large_image","twitter_site":"@ColeLourdesVa","twitter_misc":{"Tiempo de lectura":"3 minutos"},"schema":{"@context":"https:\/\/schema.org","@graph":[{"@type":"WebPage","@id":"https:\/\/colegiolourdes.es\/index.php\/reembolso_devoluciones\/","url":"https:\/\/colegiolourdes.es\/index.php\/reembolso_devoluciones\/","name":"Pol\u00edtica de devoluciones y reembolsos - Colegio Lourdes","isPartOf":{"@id":"https:\/\/colegiolourdes.es\/#website"},"datePublished":"2022-01-20T06:37:50+00:00","dateModified":"2025-05-05T09:48:40+00:00","inLanguage":"es","potentialAction":[{"@type":"ReadAction","target":["https:\/\/colegiolourdes.es\/index.php\/reembolso_devoluciones\/"]}]},{"@type":"WebSite","@id":"https:\/\/colegiolourdes.es\/#website","url":"https:\/\/colegiolourdes.es\/","name":"Colegio Lourdes","description":"Web del Colegio Nuestra Se\u00f1ora de Lourdes de Valladolid.","publisher":{"@id":"https:\/\/colegiolourdes.es\/#organization"},"alternateName":"Colegio Nuestra Se\u00f1ora de Lourdes","potentialAction":[{"@type":"SearchAction","target":{"@type":"EntryPoint","urlTemplate":"https:\/\/colegiolourdes.es\/?s={search_term_string}"},"query-input":{"@type":"PropertyValueSpecification","valueRequired":true,"valueName":"search_term_string"}}],"inLanguage":"es"},{"@type":"Organization","@id":"https:\/\/colegiolourdes.es\/#organization","name":"Colegio Nuestra Se\u00f1ora de Lourdes","alternateName":"Colegio Lourdes Valladolid","url":"https:\/\/colegiolourdes.es\/","logo":{"@type":"ImageObject","inLanguage":"es","@id":"https:\/\/colegiolourdes.es\/#\/schema\/logo\/image\/","url":"https:\/\/colegiolourdes.es\/wp-content\/uploads\/2021\/11\/cropped-Escudo.png","contentUrl":"https:\/\/colegiolourdes.es\/wp-content\/uploads\/2021\/11\/cropped-Escudo.png","width":85,"height":105,"caption":"Colegio Nuestra Se\u00f1ora de Lourdes"},"image":{"@id":"https:\/\/colegiolourdes.es\/#\/schema\/logo\/image\/"},"sameAs":["https:\/\/www.facebook.com\/colegiolourdesva","https:\/\/x.com\/ColeLourdesVa","https:\/\/www.instagram.com\/colegio_lourdes_valladolid\/"]}]}},"_links":{"self":[{"href":"https:\/\/colegiolourdes.es\/index.php\/wp-json\/wp\/v2\/pages\/11393","targetHints":{"allow":["GET"]}}],"collection":[{"href":"https:\/\/colegiolourdes.es\/index.php\/wp-json\/wp\/v2\/pages"}],"about":[{"href":"https:\/\/colegiolourdes.es\/index.php\/wp-json\/wp\/v2\/types\/page"}],"author":[{"embeddable":true,"href":"https:\/\/colegiolourdes.es\/index.php\/wp-json\/wp\/v2\/users\/1"}],"replies":[{"embeddable":true,"href":"https:\/\/colegiolourdes.es\/index.php\/wp-json\/wp\/v2\/comments?post=11393"}],"version-history":[{"count":4,"href":"https:\/\/colegiolourdes.es\/index.php\/wp-json\/wp\/v2\/pages\/11393\/revisions"}],"predecessor-version":[{"id":26373,"href":"https:\/\/colegiolourdes.es\/index.php\/wp-json\/wp\/v2\/pages\/11393\/revisions\/26373"}],"wp:attachment":[{"href":"https:\/\/colegiolourdes.es\/index.php\/wp-json\/wp\/v2\/media?parent=11393"}],"curies":[{"name":"wp","href":"https:\/\/api.w.org\/{rel}","templated":true}]}}