{"id":16433,"date":"2021-12-10T00:17:31","date_gmt":"2021-12-09T23:17:31","guid":{"rendered":"https:\/\/colegiolourdes.es\/?page_id=16433"},"modified":"2025-05-05T11:51:41","modified_gmt":"2025-05-05T09:51:41","slug":"madrugadores-3","status":"publish","type":"page","link":"https:\/\/colegiolourdes.es\/index.php\/madrugadores-3\/","title":{"rendered":"Madrugadores"},"content":{"rendered":"<div class=\"brz-root__container brz-reset-all brz brz-root__container-page\">\n<section id=\"_phueeminkdurpdjincgtlreutiptbexdgfmz\" class=\"brz-section brz-css-15lrzv0\">\n<div class=\"brz-section__content brz-section--boxed brz-css-1h0gw74 brz-css-etz3sb\" data-brz-custom-id=\"vrpplqapyyxowxbkwzbuqwzmqtvtnjrdaznf\">\n<div class=\"brz-container brz-css-11de975\">\n<div id=\"\" class=\"brz-css-tieaxa brz-css-w6fpk2 brz-wrapper\">\n<div class=\"brz-rich-text brz-rich-text__custom brz-css-1lhqyoe\" data-brz-custom-id=\"pdsfjurrtyntrzundjkcamdbbqwspuzqeiyd\">\n<div data-brz-translate-text=\"1\">\n<p class=\"brz-text-lg-left brz-fw-sm-700 brz-fw-lg-700 brz-ft-google brz-ff-overpass brz-ls-sm-m_1 brz-ls-lg-m_1_5 brz-fs-sm-72 brz-fs-lg-80 brz-lh-sm-1_2 brz-lh-lg-1_3 brz-bcp-color7 brz-fs-xs-48 brz-fss-xs-px brz-fw-xs-700 brz-ls-xs-m_1 brz-lh-xs-1_3 brz-tp-xs-empty brz-css-bWPk7\" data-generated-css=\"brz-css-bxanu\" data-uniq-id=\"hizqx\"><span class=\"brz-cp-color1\">Madrugadores<\/span><\/p>\n<\/div>\n<\/div>\n<\/div>\n<\/div>\n<\/div>\n<\/section>\n<section id=\"_zfiwaqyrsjnccqxlwephmsnmbbsfgzzwwehx\" class=\"brz-section brz-css-15lrzv0 brz-css-9j3gts\">\n<div class=\"brz-section__content brz-section--boxed brz-css-1h0gw74 brz-css-xfncc9\" data-brz-custom-id=\"wjzqufhylzdeydrmvcjakcsdazckxgoocugy\">\n<div class=\"brz-container brz-css-11de975\">\n<div class=\"brz-row__container brz-css-20ds5o\" data-brz-custom-id=\"hoesxfsyxjswqyfozrffpulgsvmpbdwjytxd\">\n<div class=\"brz-bg\"><\/div>\n<div class=\"brz-row brz-css-1rsljwm brz-css-1afwwkd\">\n<div class=\"brz-columns brz-css-muck34 brz-css-6jti8e\" data-brz-custom-id=\"oqlhomzjrtlmjjxikpigfhmlfnqixaxsvsux\">\n<div class=\"brz-bg\"><\/div>\n<div class=\"brz-column__items brz-css-1vufn51\">\n<div id=\"\" class=\"brz-css-tieaxa brz-css-xrgdfl brz-wrapper\">\n<div class=\"brz-image brz-css-1a1jhig\" data-brz-custom-id=\"xbcxmknagfoohrljkjbpywwavwxbndlgwolb\"><img decoding=\"async\" class=\"brz-img\" src=\"https:\/\/colegiolourdes.es\/wp-content\/uploads\/brizy\/imgs\/Madrugadores-630x409x153x0x450x409x1616132814.png\" alt=\"\" loading=\"lazy\"><\/div>\n<\/div>\n<div class=\"brz-wrapper-clone brz-css-1kkmraf brz-css-x21z7l\">\n<div class=\"brz-d-xs-flex brz-flex-xs-wrap brz-css-cfdgsq\" data-brz-custom-id=\"\">\n<div class=\"brz-wrapper-clone__item\" id=\"hebovelbpmwpuveithlakypoadxhyzrxurip\"><a class=\"brz-a brz-btn brz-css-zcm1hn brz-css-atsrfr brz-css-n3lvtx brz-css-1ttrouf\" href=\"https:\/\/lasallelourdes.sallenet.org\/mod\/sallenet\/inscripciones\/solicitud.php?key=Fgwj3mHkbz2G4yPV@xQ78CdLTpDc!hvrX)Mtf9K(WYn\" target=\"_blank\" rel=\"noopener\" data-brz-link-type=\"external\" data-brz-custom-id=\"hebovelbpmwpuveithlakypoadxhyzrxurip\"><span data-brz-translate-text=\"1\" class=\"brz-span brz-text__editor\">1\u00ba Ciclo Infantil<\/span><\/a><\/div>\n<div class=\"brz-wrapper-clone__item\" id=\"fymutmgxqocciuxfsgnberlvtfmhqsqgjlkf\"><a class=\"brz-a brz-btn brz-css-zcm1hn brz-css-u1oxtt brz-css-n3lvtx brz-css-7dytoy\" href=\"https:\/\/lasallelourdes.sallenet.org\/mod\/sallenet\/inscripciones\/solicitud.php?key=GMXF8YnCWqpkfjrh6dJLQBz!tKwTvD4V(Nc7RZ@mgy)\" target=\"_blank\" rel=\"noopener\" data-brz-link-type=\"external\" data-brz-custom-id=\"fymutmgxqocciuxfsgnberlvtfmhqsqgjlkf\"><span data-brz-translate-text=\"1\" class=\"brz-span brz-text__editor\">2\u00ba Ciclo Infantil &#8211; Primaria<\/span><\/a><\/div>\n<\/div>\n<\/div>\n<\/div>\n<\/div>\n<div class=\"brz-columns brz-css-muck34 brz-css-1g1s9st\" data-brz-custom-id=\"chumbglsdthqjcqnheztjgmzgcowxsgertbk\">\n<div class=\"brz-bg\">\n<div class=\"brz-bg-color\"><\/div>\n<\/div>\n<div class=\"brz-column__items brz-css-1vufn51 brz-css-1d8drmc\">\n<div id=\"\" class=\"brz-css-tieaxa brz-css-4m8fxo brz-wrapper\">\n<div class=\"brz-rich-text brz-rich-text__custom brz-css-1lhqyoe\" data-brz-custom-id=\"sftpllwekwsmpfdqjalmnxhmaqimebcifsxi\">\n<div data-brz-translate-text=\"1\">\n<p class=\"brz-tp-lg-paragraph brz-text-lg-justify ql-align-justify brz-css-xpqew\" data-generated-css=\"brz-css-idzjc\" data-uniq-id=\"tyufm\"><span>Pueden utilizar este servicio los&nbsp;alumnos de Educaci\u00f3n Infantil y Primaria&nbsp;cuyos padres tienen dificultades para acompa\u00f1arlos al Colegio a la hora normal de comienzo de las clases de la ma\u00f1ana.<\/span><\/p>\n<p class=\"brz-tp-lg-paragraph brz-text-lg-justify ql-align-justify brz-css-iW8F1\" data-generated-css=\"brz-css-rscsx\" data-uniq-id=\"vfemh\"><span>&nbsp;<\/span><\/p>\n<p class=\"brz-tp-lg-paragraph brz-text-lg-justify ql-align-justify brz-css-q2Vdz\" data-generated-css=\"brz-css-xfyww\" data-uniq-id=\"ibdae\"><span>Horario de atenci\u00f3n: desde las <\/span><strong class=\"brz-cp-color1\">7:30 h.<\/strong><\/p>\n<ul>\n<li class=\"brz-tp-lg-paragraph brz-text-lg-justify ql-align-justify brz-css-kcpnK\" data-generated-css=\"brz-css-pxatk\" data-uniq-id=\"xkbnd\"><strong>1\u00ba Ciclo de Infantil<\/strong><span>: los ni\u00f1os ser\u00e1n atendidos por sus profesoras en sus aulas. Las familias que lo necesiten pueden solicitar el desayuno dentro de este per\u00edodo.<\/span><\/li>\n<\/ul>\n<p class=\"brz-tp-lg-paragraph brz-text-lg-justify ql-align-justify brz-css-prmrk\" data-generated-css=\"brz-css-vphku\" data-uniq-id=\"jhzxm\"><span>&nbsp;<\/span><\/p>\n<ul>\n<li class=\"brz-tp-lg-paragraph brz-text-lg-justify ql-align-justify brz-css-zsAYY\" data-generated-css=\"brz-css-evhab\" data-uniq-id=\"wjuyw\"><strong>2\u00ba Ciclo de Infantil y Primaria<\/strong><span>: los ni\u00f1os ser\u00e1n atendidos por las monitoras de Seresca en el recinto del comedor escolar. Ocupan su tiempo haciendo deberes, manualidades, lecturas\u2026 En el momento de comenzar las clases, las monitoras son las encargadas de llevarles a sus respectivas filas.<\/span><\/li>\n<\/ul>\n<p class=\"brz-tp-lg-paragraph brz-text-lg-justify ql-align-justify brz-css-cCTlx\" data-generated-css=\"brz-css-dgqih\" data-uniq-id=\"kgjqt\"><\/p>\n<p class=\"ql-align-justify brz-tp-lg-paragraph brz-text-lg-justify brz-css-omGzO\" data-generated-css=\"brz-css-szsbj\" data-uniq-id=\"sxfeg\"><span>El&nbsp;Colegio oferta la posibilidad de utilizar este servicio en <\/span><strong class=\"brz-cp-color1\">d\u00edas aislados.<\/strong><\/p>\n<\/div>\n<\/div>\n<\/div>\n<\/div>\n<\/div>\n<\/div>\n<\/div>\n<\/div>\n<\/div>\n<\/section>\n<section id=\"_qiwvfinzrntqdwgrzfntanaxnehphyjjtrcz\" class=\"brz-section brz-css-15lrzv0 brz-css-jc60ts\">\n<div class=\"brz-section__content brz-section--fullWidth brz-css-1h0gw74 brz-css-7xuhbl\" data-brz-custom-id=\"qagojhohkxbbbjvyauuenpaasigjtyeoafnq\">\n<div class=\"brz-bg\">\n<div class=\"brz-bg-color\"><\/div>\n<div class=\"brz-bg-shape brz-bg-shape__top\"><\/div>\n<div class=\"brz-bg-shape brz-bg-shape__bottom\"><\/div>\n<\/div>\n<div class=\"brz-container brz-css-11de975 brz-css-jf13pb\">\n<div class=\"brz-row__container brz-css-20ds5o brz-css-nneauk\" data-brz-custom-id=\"btpdnaxdcdxhmzdonhqbvipzamgvvolfrfpq\">\n<div class=\"brz-bg\"><\/div>\n<div class=\"brz-row brz-css-1rsljwm\">\n<div class=\"brz-columns brz-css-muck34 brz-css-1fn1cog\" data-brz-custom-id=\"xgnkdlicfqhkwpsevwjuzyiswemokkqdzcwz\">\n<div class=\"brz-bg\"><\/div>\n<div class=\"brz-column__items brz-css-1vufn51\">\n<div id=\"\" class=\"brz-css-tieaxa brz-css-qk2sqq brz-wrapper\">\n<div class=\"brz-image brz-css-1umba5s\" data-brz-custom-id=\"wjrfcujqticiycgfyihaujbtyslkqfghakfe\"><img decoding=\"async\" class=\"brz-img\" src=\"https:\/\/colegiolourdes.es\/wp-content\/uploads\/brizy\/imgs\/2022-05-Cartel-madrugadores-553x507x0x0x550x507x1651500302.png\" alt=\"\" loading=\"lazy\"><\/div>\n<\/div>\n<div class=\"brz-wrapper-clone brz-css-1kkmraf brz-css-1bf57\">\n<div class=\"brz-d-xs-flex brz-flex-xs-wrap brz-css-cfdgsq\" data-brz-custom-id=\"\">\n<div class=\"brz-wrapper-clone__item\" id=\"gvvemoqfqxljlrzdrzrlddkakxfknhxsaqax\"><a class=\"brz-a brz-btn brz-css-zcm1hn brz-css-1prws34 brz-css-n3lvtx brz-css-1425xkn\" href=\"https:\/\/colegiolourdes.es\/wp-content\/uploads\/2022\/05\/2022-05-Proyecto-madrugadores-mayo.pdf\" target=\"_blank\" rel=\"noopener\" data-brz-link-type=\"external\" data-brz-custom-id=\"gvvemoqfqxljlrzdrzrlddkakxfknhxsaqax\"><span data-brz-translate-text=\"1\" class=\"brz-span brz-text__editor\">Ver proyecto<\/span><\/a><\/div>\n<\/div>\n<\/div>\n<\/div>\n<\/div>\n<div class=\"brz-columns brz-css-muck34 brz-css-91nthw\" data-brz-custom-id=\"fcesczkwwfcqolrjishedrtmqzingjfeyjuq\">\n<div class=\"brz-bg\"><\/div>\n<div class=\"brz-column__items brz-css-1vufn51 brz-css-1sv2zqc\">\n<div id=\"\" class=\"brz-css-tieaxa brz-wrapper\">\n<div class=\"brz-carousel brz-css-t2w8u6 brz-css-1gcgqcz\" data-brz-custom-id=\"anzfeplonwbgilvhtcprswqmsonmixtmwzjn\">\n<div class=\"brz-carousel__slider\" data-slides-to-show=\"1\" data-slides-to-scroll=\"1\" data-arrows=\"true\" data-dots=\"true\" data-dots-class=\"brz-slick-slider__dots brz-slick-slider__dots--circle\" data-auto-play=\"true\" data-auto-play-speed=\"3000\" data-swipe=\"true\" data-fade=\"false\" data-transition-speed=\"3.5\" data-responsive=\"%5B%7B%22breakpoint%22%3A991%2C%22settings%22%3A%7B%22slidesToShow%22%3A2%2C%22slidesToScroll%22%3A1%7D%7D%2C%7B%22breakpoint%22%3A767%2C%22settings%22%3A%7B%22slidesToShow%22%3A1%2C%22slidesToScroll%22%3A1%7D%7D%5D\">\n<div class=\"brz-carousel__item\">\n<div class=\"brz-columns brz-css-muck34 brz-css-dpq3wb brz-css-9uxq0d\" data-brz-custom-id=\"tegtuhgiftjbynwkzzaunvowmwgrfhahotit\">\n<div class=\"brz-bg\"><\/div>\n<div class=\"brz-column__items brz-css-1vufn51\">\n<div id=\"\" class=\"brz-css-tieaxa brz-wrapper\">\n<div class=\"brz-image brz-css-3fvtrf\" data-brz-custom-id=\"vaeyqakropvmspuulfyqdswqiactayyumfgz\"><img decoding=\"async\" class=\"brz-img\" src=\"https:\/\/colegiolourdes.es\/wp-content\/uploads\/brizy\/imgs\/Madrugadores-pintan-poster-2-707x943x0x37x707x530x1645115293.jpg\" alt=\"\" loading=\"lazy\"><\/div>\n<\/div>\n<\/div>\n<\/div>\n<\/div>\n<div class=\"brz-carousel__item\">\n<div class=\"brz-columns brz-css-muck34 brz-css-dpq3wb\" data-brz-custom-id=\"odvtiogoctgczykspyqbeygpeywgwachcgii\">\n<div class=\"brz-bg\"><\/div>\n<div class=\"brz-column__items brz-css-1vufn51\">\n<div id=\"\" class=\"brz-css-tieaxa brz-wrapper\">\n<div class=\"brz-image brz-css-zr0n29\" data-brz-custom-id=\"nzeukxoyhkqdicrgbahxjqhthzflgugugfhe\"><img decoding=\"async\" class=\"brz-img\" src=\"https:\/\/colegiolourdes.es\/wp-content\/uploads\/brizy\/imgs\/Madrugadores-legos-707x1257x0x87x707x530x1640109641.jpg\" alt=\"\" loading=\"lazy\"><\/div>\n<\/div>\n<\/div>\n<\/div>\n<\/div>\n<div class=\"brz-carousel__item\">\n<div class=\"brz-columns brz-css-muck34 brz-css-dpq3wb\" data-brz-custom-id=\"lmanylqcnqapeichwwovlwdnvfrxfosypttb\">\n<div class=\"brz-bg\"><\/div>\n<div class=\"brz-column__items brz-css-1vufn51\">\n<div id=\"\" class=\"brz-css-tieaxa brz-wrapper\">\n<div class=\"brz-image brz-css-l01sdn\" data-brz-custom-id=\"wfzusohegkqtninrmljexkybxnxjmroyqaai\"><img decoding=\"async\" class=\"brz-img\" src=\"https:\/\/colegiolourdes.es\/wp-content\/uploads\/brizy\/imgs\/Madrugadores-la-Virgen-707x943x0x112x707x530x1644861284.jpeg\" alt=\"\" loading=\"lazy\"><\/div>\n<\/div>\n<\/div>\n<\/div>\n<\/div>\n<div class=\"brz-carousel__item\">\n<div class=\"brz-columns brz-css-muck34 brz-css-dpq3wb\" data-brz-custom-id=\"afilpdrtswlmlwxwvdywuhvrrcacwlzxlzot\">\n<div class=\"brz-bg\"><\/div>\n<div class=\"brz-column__items brz-css-1vufn51\">\n<div id=\"\" class=\"brz-css-tieaxa brz-wrapper\">\n<div class=\"brz-image brz-css-h67gi4\" data-brz-custom-id=\"kblwlaebagaoudddbgfvzvxquipuaagjnwyp\"><img decoding=\"async\" class=\"brz-img\" src=\"https:\/\/colegiolourdes.es\/wp-content\/uploads\/brizy\/imgs\/Madrugadores-la-Virgen-2-707x943x0x131x707x530x1644861338.jpeg\" alt=\"\" loading=\"lazy\"><\/div>\n<\/div>\n<\/div>\n<\/div>\n<\/div>\n<div class=\"brz-carousel__item\">\n<div class=\"brz-columns brz-css-muck34 brz-css-dpq3wb\" data-brz-custom-id=\"jxdntvfxpxqgggzgjggrazyfecpdslelcnaz\">\n<div class=\"brz-bg\"><\/div>\n<div class=\"brz-column__items brz-css-1vufn51\">\n<div id=\"\" class=\"brz-css-tieaxa brz-wrapper\">\n<div class=\"brz-image brz-css-x168x0\" data-brz-custom-id=\"pnqpqvwaefvlbszdupphvzqmnhhyygprczve\"><img decoding=\"async\" class=\"brz-img\" src=\"https:\/\/colegiolourdes.es\/wp-content\/uploads\/brizy\/imgs\/Madrugadores-deberes-707x1257x0x200x707x530x1640109644.jpg\" alt=\"\" loading=\"lazy\"><\/div>\n<\/div>\n<\/div>\n<\/div>\n<\/div>\n<div class=\"brz-carousel__item\">\n<div class=\"brz-columns brz-css-muck34 brz-css-dpq3wb\" data-brz-custom-id=\"wmaqwvleqkshxykzbdnbzdfdaduejhawuffe\">\n<div class=\"brz-bg\"><\/div>\n<div class=\"brz-column__items brz-css-1vufn51\">\n<div id=\"\" class=\"brz-css-tieaxa brz-wrapper\">\n<div class=\"brz-image brz-css-1n64jqt\" data-brz-custom-id=\"ncbfewiioxgwxusnguhjxmmmqzvzfqgglefc\"><img decoding=\"async\" class=\"brz-img\" src=\"https:\/\/colegiolourdes.es\/wp-content\/uploads\/brizy\/imgs\/Madrugadores-caretas-707x530x0x0x707x530x1640109645.jpg\" alt=\"\" loading=\"lazy\"><\/div>\n<\/div>\n<\/div>\n<\/div>\n<\/div>\n<div class=\"brz-carousel__item\">\n<div class=\"brz-columns brz-css-muck34 brz-css-dpq3wb\" data-brz-custom-id=\"vmmiryfdgthwwayziywyfokkcpgbwemfnldn\">\n<div class=\"brz-bg\"><\/div>\n<div class=\"brz-column__items brz-css-1vufn51\">\n<div id=\"\" class=\"brz-css-tieaxa brz-wrapper\">\n<div class=\"brz-image brz-css-cp0jag\" data-brz-custom-id=\"yoxvxokrshdnquhbuwtknwnmsndateahpclb\"><img decoding=\"async\" class=\"brz-img\" src=\"https:\/\/colegiolourdes.es\/wp-content\/uploads\/brizy\/imgs\/Madrugadores-puzzles-1147x530x243x0x707x530x1640109647.jpg\" alt=\"\" loading=\"lazy\"><\/div>\n<\/div>\n<\/div>\n<\/div>\n<\/div>\n<\/div>\n<\/div>\n<\/div>\n<\/div>\n<\/div>\n<\/div>\n<\/div>\n<\/div>\n<\/div>\n<\/section>\n<section id=\"_efgswjwbxossnavrvmufctyraoykmcedrkwg\" class=\"brz-section brz-css-15lrzv0 brz-css-qamzu\">\n<div class=\"brz-section__content brz-section--fullWidth brz-css-1h0gw74 brz-css-rwaspw\" data-brz-custom-id=\"fjmhirodwpcbkregedltjnnrapygaczpbhxy\">\n<div class=\"brz-bg\">\n<div class=\"brz-bg-color\"><\/div>\n<div class=\"brz-bg-shape brz-bg-shape__top\"><\/div>\n<div class=\"brz-bg-shape brz-bg-shape__bottom\"><\/div>\n<\/div>\n<div class=\"brz-container brz-css-11de975 brz-css-4lfgcj\">\n<div class=\"brz-row__container brz-css-20ds5o brz-css-tyhsgc\" data-brz-custom-id=\"vwzmdzjlakypazsoyehasrxflyzjhiunhedr\">\n<div class=\"brz-bg\"><\/div>\n<div class=\"brz-row brz-css-1rsljwm\">\n<div class=\"brz-columns brz-css-muck34\" data-brz-custom-id=\"qaysnunxqksgfsehqxeskidpqxivzrsbnpkt\">\n<div class=\"brz-bg\"><\/div>\n<div class=\"brz-column__items brz-css-1vufn51\">\n<div id=\"\" class=\"brz-css-tieaxa brz-css-12wy03r brz-wrapper\">\n<div class=\"brz-image brz-css-ulbkaw\" data-brz-custom-id=\"gwnueosaiyoexaoatrumvfjoftunkgonvdiq\"><img decoding=\"async\" class=\"brz-img\" src=\"https:\/\/colegiolourdes.es\/wp-content\/uploads\/brizy\/imgs\/2022-05-Cartel-comedor-323x426x1x0x322x426x1651499455.png\" alt=\"\" loading=\"lazy\"><\/div>\n<\/div>\n<div id=\"\" class=\"brz-css-tieaxa brz-css-ea5xdm brz-wrapper\">\n<div class=\"brz-spacer brz-css-1hzjbeq\"><\/div>\n<\/div>\n<div class=\"brz-wrapper-clone brz-css-1kkmraf brz-css-1jn46hc\">\n<div class=\"brz-d-xs-flex brz-flex-xs-wrap brz-css-cfdgsq\" data-brz-custom-id=\"\">\n<div class=\"brz-wrapper-clone__item\" id=\"roxnxwiemtycmskaroslhzadtpvmramsxuvh\"><a class=\"brz-a brz-btn brz-css-zcm1hn brz-css-xzw38g brz-css-n3lvtx brz-css-17pnvyr\" href=\"https:\/\/colegiolourdes.es\/wp-content\/uploads\/2022\/05\/2022-05-Proyecto-comedor-mayo.pdf\" target=\"_blank\" rel=\"noopener\" data-brz-link-type=\"external\" data-brz-custom-id=\"roxnxwiemtycmskaroslhzadtpvmramsxuvh\"><span data-brz-translate-text=\"1\" class=\"brz-span brz-text__editor\">Ver proyecto<\/span><\/a><\/div>\n<\/div>\n<\/div>\n<\/div>\n<\/div>\n<div class=\"brz-columns brz-css-muck34\" data-brz-custom-id=\"qqflulyynpdxpafwrklbqisonjwhwwrnuekd\">\n<div class=\"brz-bg\"><\/div>\n<div class=\"brz-column__items brz-css-1vufn51\">\n<div id=\"\" class=\"brz-css-tieaxa brz-wrapper\">\n<div class=\"brz-embed-code brz-css-1favs0v\" data-brz-custom-id=\"zuuqppdxeunvcgoedpdbajdfagqfflocnstv\">\n<div class=\"brz-embed-content\">\n<div><\/div>\n<\/div>\n<\/div>\n<\/div>\n<\/div>\n<\/div>\n<\/div>\n<\/div>\n<\/div>\n<\/div>\n<\/section>\n<\/div>\n<p>    <!-- version:1736998675 --><\/p>\n","protected":false},"excerpt":{"rendered":"<p>Madrugadores 1\u00ba Ciclo Infantil 2\u00ba Ciclo Infantil &#8211; Primaria Pueden utilizar este servicio los&nbsp;alumnos de Educaci\u00f3n Infantil y Primaria&nbsp;cuyos padres tienen dificultades para acompa\u00f1arlos al Colegio a la hora normal de comienzo de las clases de la ma\u00f1ana. &nbsp; Horario de atenci\u00f3n: desde las 7:30 h. 1\u00ba Ciclo de Infantil: los ni\u00f1os ser\u00e1n atendidos por&hellip; <a class=\"more-link\" href=\"https:\/\/colegiolourdes.es\/index.php\/madrugadores-3\/\">Seguir leyendo <span class=\"screen-reader-text\">Madrugadores<\/span><\/a><\/p>\n","protected":false},"author":5,"featured_media":0,"parent":0,"menu_order":0,"comment_status":"closed","ping_status":"closed","template":"brizy-blank-template.php","meta":{"footnotes":""},"class_list":["post-16433","page","type-page","status-publish","hentry","entry"],"yoast_head":"<!-- This site is optimized with the Yoast SEO plugin v27.3 - https:\/\/yoast.com\/product\/yoast-seo-wordpress\/ -->\n<title>Madrugadores - Colegio Lourdes<\/title>\n<meta name=\"robots\" content=\"index, follow, max-snippet:-1, max-image-preview:large, max-video-preview:-1\" \/>\n<link rel=\"canonical\" href=\"https:\/\/colegiolourdes.es\/index.php\/madrugadores-3\/\" \/>\n<meta property=\"og:locale\" content=\"es_ES\" \/>\n<meta property=\"og:type\" content=\"article\" \/>\n<meta property=\"og:title\" content=\"Madrugadores - Colegio Lourdes\" \/>\n<meta property=\"og:description\" content=\"Madrugadores 1\u00ba Ciclo Infantil 2\u00ba Ciclo Infantil &#8211; Primaria Pueden utilizar este servicio los&nbsp;alumnos de Educaci\u00f3n Infantil y Primaria&nbsp;cuyos padres tienen dificultades para acompa\u00f1arlos al Colegio a la hora normal de comienzo de las clases de la ma\u00f1ana. &nbsp; Horario de atenci\u00f3n: desde las 7:30 h. 1\u00ba Ciclo de Infantil: los ni\u00f1os ser\u00e1n atendidos por&hellip; Seguir leyendo Madrugadores\" \/>\n<meta property=\"og:url\" content=\"https:\/\/colegiolourdes.es\/index.php\/madrugadores-3\/\" \/>\n<meta property=\"og:site_name\" content=\"Colegio Lourdes\" \/>\n<meta property=\"article:publisher\" content=\"https:\/\/www.facebook.com\/colegiolourdesva\" \/>\n<meta property=\"article:modified_time\" content=\"2025-05-05T09:51:41+00:00\" \/>\n<meta property=\"og:image\" content=\"https:\/\/colegiolourdes.es\/wp-content\/uploads\/brizy\/imgs\/Madrugadores-630x409x153x0x450x409x1616132814.png\" \/>\n<meta name=\"twitter:card\" content=\"summary_large_image\" \/>\n<meta name=\"twitter:site\" content=\"@ColeLourdesVa\" \/>\n<meta name=\"twitter:label1\" content=\"Tiempo de lectura\" \/>\n\t<meta name=\"twitter:data1\" content=\"3 minutos\" \/>\n<script type=\"application\/ld+json\" class=\"yoast-schema-graph\">{\"@context\":\"https:\\\/\\\/schema.org\",\"@graph\":[{\"@type\":\"WebPage\",\"@id\":\"https:\\\/\\\/colegiolourdes.es\\\/index.php\\\/madrugadores-3\\\/\",\"url\":\"https:\\\/\\\/colegiolourdes.es\\\/index.php\\\/madrugadores-3\\\/\",\"name\":\"Madrugadores - Colegio Lourdes\",\"isPartOf\":{\"@id\":\"https:\\\/\\\/colegiolourdes.es\\\/#website\"},\"primaryImageOfPage\":{\"@id\":\"https:\\\/\\\/colegiolourdes.es\\\/index.php\\\/madrugadores-3\\\/#primaryimage\"},\"image\":{\"@id\":\"https:\\\/\\\/colegiolourdes.es\\\/index.php\\\/madrugadores-3\\\/#primaryimage\"},\"thumbnailUrl\":\"https:\\\/\\\/colegiolourdes.es\\\/wp-content\\\/uploads\\\/brizy\\\/imgs\\\/Madrugadores-630x409x153x0x450x409x1616132814.png\",\"datePublished\":\"2021-12-09T23:17:31+00:00\",\"dateModified\":\"2025-05-05T09:51:41+00:00\",\"inLanguage\":\"es\",\"potentialAction\":[{\"@type\":\"ReadAction\",\"target\":[\"https:\\\/\\\/colegiolourdes.es\\\/index.php\\\/madrugadores-3\\\/\"]}]},{\"@type\":\"ImageObject\",\"inLanguage\":\"es\",\"@id\":\"https:\\\/\\\/colegiolourdes.es\\\/index.php\\\/madrugadores-3\\\/#primaryimage\",\"url\":\"https:\\\/\\\/colegiolourdes.es\\\/wp-content\\\/uploads\\\/brizy\\\/imgs\\\/Madrugadores-630x409x153x0x450x409x1616132814.png\",\"contentUrl\":\"https:\\\/\\\/colegiolourdes.es\\\/wp-content\\\/uploads\\\/brizy\\\/imgs\\\/Madrugadores-630x409x153x0x450x409x1616132814.png\"},{\"@type\":\"WebSite\",\"@id\":\"https:\\\/\\\/colegiolourdes.es\\\/#website\",\"url\":\"https:\\\/\\\/colegiolourdes.es\\\/\",\"name\":\"Colegio Lourdes\",\"description\":\"Web del Colegio Nuestra Se\u00f1ora de Lourdes de Valladolid.\",\"publisher\":{\"@id\":\"https:\\\/\\\/colegiolourdes.es\\\/#organization\"},\"alternateName\":\"Colegio Nuestra Se\u00f1ora de Lourdes\",\"potentialAction\":[{\"@type\":\"SearchAction\",\"target\":{\"@type\":\"EntryPoint\",\"urlTemplate\":\"https:\\\/\\\/colegiolourdes.es\\\/?s={search_term_string}\"},\"query-input\":{\"@type\":\"PropertyValueSpecification\",\"valueRequired\":true,\"valueName\":\"search_term_string\"}}],\"inLanguage\":\"es\"},{\"@type\":\"Organization\",\"@id\":\"https:\\\/\\\/colegiolourdes.es\\\/#organization\",\"name\":\"Colegio Nuestra Se\u00f1ora de Lourdes\",\"alternateName\":\"Colegio Lourdes Valladolid\",\"url\":\"https:\\\/\\\/colegiolourdes.es\\\/\",\"logo\":{\"@type\":\"ImageObject\",\"inLanguage\":\"es\",\"@id\":\"https:\\\/\\\/colegiolourdes.es\\\/#\\\/schema\\\/logo\\\/image\\\/\",\"url\":\"https:\\\/\\\/colegiolourdes.es\\\/wp-content\\\/uploads\\\/2021\\\/11\\\/cropped-Escudo.png\",\"contentUrl\":\"https:\\\/\\\/colegiolourdes.es\\\/wp-content\\\/uploads\\\/2021\\\/11\\\/cropped-Escudo.png\",\"width\":85,\"height\":105,\"caption\":\"Colegio Nuestra Se\u00f1ora de Lourdes\"},\"image\":{\"@id\":\"https:\\\/\\\/colegiolourdes.es\\\/#\\\/schema\\\/logo\\\/image\\\/\"},\"sameAs\":[\"https:\\\/\\\/www.facebook.com\\\/colegiolourdesva\",\"https:\\\/\\\/x.com\\\/ColeLourdesVa\",\"https:\\\/\\\/www.instagram.com\\\/colegio_lourdes_valladolid\\\/\"]}]}<\/script>\n<!-- \/ Yoast SEO plugin. -->","yoast_head_json":{"title":"Madrugadores - Colegio Lourdes","robots":{"index":"index","follow":"follow","max-snippet":"max-snippet:-1","max-image-preview":"max-image-preview:large","max-video-preview":"max-video-preview:-1"},"canonical":"https:\/\/colegiolourdes.es\/index.php\/madrugadores-3\/","og_locale":"es_ES","og_type":"article","og_title":"Madrugadores - Colegio Lourdes","og_description":"Madrugadores 1\u00ba Ciclo Infantil 2\u00ba Ciclo Infantil &#8211; Primaria Pueden utilizar este servicio los&nbsp;alumnos de Educaci\u00f3n Infantil y Primaria&nbsp;cuyos padres tienen dificultades para acompa\u00f1arlos al Colegio a la hora normal de comienzo de las clases de la ma\u00f1ana. &nbsp; Horario de atenci\u00f3n: desde las 7:30 h. 1\u00ba Ciclo de Infantil: los ni\u00f1os ser\u00e1n atendidos por&hellip; Seguir leyendo Madrugadores","og_url":"https:\/\/colegiolourdes.es\/index.php\/madrugadores-3\/","og_site_name":"Colegio Lourdes","article_publisher":"https:\/\/www.facebook.com\/colegiolourdesva","article_modified_time":"2025-05-05T09:51:41+00:00","og_image":[{"url":"https:\/\/colegiolourdes.es\/wp-content\/uploads\/brizy\/imgs\/Madrugadores-630x409x153x0x450x409x1616132814.png","type":"","width":"","height":""}],"twitter_card":"summary_large_image","twitter_site":"@ColeLourdesVa","twitter_misc":{"Tiempo de lectura":"3 minutos"},"schema":{"@context":"https:\/\/schema.org","@graph":[{"@type":"WebPage","@id":"https:\/\/colegiolourdes.es\/index.php\/madrugadores-3\/","url":"https:\/\/colegiolourdes.es\/index.php\/madrugadores-3\/","name":"Madrugadores - Colegio Lourdes","isPartOf":{"@id":"https:\/\/colegiolourdes.es\/#website"},"primaryImageOfPage":{"@id":"https:\/\/colegiolourdes.es\/index.php\/madrugadores-3\/#primaryimage"},"image":{"@id":"https:\/\/colegiolourdes.es\/index.php\/madrugadores-3\/#primaryimage"},"thumbnailUrl":"https:\/\/colegiolourdes.es\/wp-content\/uploads\/brizy\/imgs\/Madrugadores-630x409x153x0x450x409x1616132814.png","datePublished":"2021-12-09T23:17:31+00:00","dateModified":"2025-05-05T09:51:41+00:00","inLanguage":"es","potentialAction":[{"@type":"ReadAction","target":["https:\/\/colegiolourdes.es\/index.php\/madrugadores-3\/"]}]},{"@type":"ImageObject","inLanguage":"es","@id":"https:\/\/colegiolourdes.es\/index.php\/madrugadores-3\/#primaryimage","url":"https:\/\/colegiolourdes.es\/wp-content\/uploads\/brizy\/imgs\/Madrugadores-630x409x153x0x450x409x1616132814.png","contentUrl":"https:\/\/colegiolourdes.es\/wp-content\/uploads\/brizy\/imgs\/Madrugadores-630x409x153x0x450x409x1616132814.png"},{"@type":"WebSite","@id":"https:\/\/colegiolourdes.es\/#website","url":"https:\/\/colegiolourdes.es\/","name":"Colegio Lourdes","description":"Web del Colegio Nuestra Se\u00f1ora de Lourdes de Valladolid.","publisher":{"@id":"https:\/\/colegiolourdes.es\/#organization"},"alternateName":"Colegio Nuestra Se\u00f1ora de Lourdes","potentialAction":[{"@type":"SearchAction","target":{"@type":"EntryPoint","urlTemplate":"https:\/\/colegiolourdes.es\/?s={search_term_string}"},"query-input":{"@type":"PropertyValueSpecification","valueRequired":true,"valueName":"search_term_string"}}],"inLanguage":"es"},{"@type":"Organization","@id":"https:\/\/colegiolourdes.es\/#organization","name":"Colegio Nuestra Se\u00f1ora de Lourdes","alternateName":"Colegio Lourdes Valladolid","url":"https:\/\/colegiolourdes.es\/","logo":{"@type":"ImageObject","inLanguage":"es","@id":"https:\/\/colegiolourdes.es\/#\/schema\/logo\/image\/","url":"https:\/\/colegiolourdes.es\/wp-content\/uploads\/2021\/11\/cropped-Escudo.png","contentUrl":"https:\/\/colegiolourdes.es\/wp-content\/uploads\/2021\/11\/cropped-Escudo.png","width":85,"height":105,"caption":"Colegio Nuestra Se\u00f1ora de Lourdes"},"image":{"@id":"https:\/\/colegiolourdes.es\/#\/schema\/logo\/image\/"},"sameAs":["https:\/\/www.facebook.com\/colegiolourdesva","https:\/\/x.com\/ColeLourdesVa","https:\/\/www.instagram.com\/colegio_lourdes_valladolid\/"]}]}},"_links":{"self":[{"href":"https:\/\/colegiolourdes.es\/index.php\/wp-json\/wp\/v2\/pages\/16433","targetHints":{"allow":["GET"]}}],"collection":[{"href":"https:\/\/colegiolourdes.es\/index.php\/wp-json\/wp\/v2\/pages"}],"about":[{"href":"https:\/\/colegiolourdes.es\/index.php\/wp-json\/wp\/v2\/types\/page"}],"author":[{"embeddable":true,"href":"https:\/\/colegiolourdes.es\/index.php\/wp-json\/wp\/v2\/users\/5"}],"replies":[{"embeddable":true,"href":"https:\/\/colegiolourdes.es\/index.php\/wp-json\/wp\/v2\/comments?post=16433"}],"version-history":[{"count":30,"href":"https:\/\/colegiolourdes.es\/index.php\/wp-json\/wp\/v2\/pages\/16433\/revisions"}],"predecessor-version":[{"id":61986,"href":"https:\/\/colegiolourdes.es\/index.php\/wp-json\/wp\/v2\/pages\/16433\/revisions\/61986"}],"wp:attachment":[{"href":"https:\/\/colegiolourdes.es\/index.php\/wp-json\/wp\/v2\/media?parent=16433"}],"curies":[{"name":"wp","href":"https:\/\/api.w.org\/{rel}","templated":true}]}}