{"id":19215,"date":"2021-12-24T01:53:46","date_gmt":"2021-12-24T00:53:46","guid":{"rendered":"https:\/\/colegiolourdes.es\/?page_id=19215"},"modified":"2025-05-05T11:52:05","modified_gmt":"2025-05-05T09:52:05","slug":"administracion-y-secretaria","status":"publish","type":"page","link":"https:\/\/colegiolourdes.es\/index.php\/administracion-y-secretaria\/","title":{"rendered":"Administraci\u00f3n, secretar\u00eda y recepci\u00f3n"},"content":{"rendered":"<div class=\"brz-root__container brz-reset-all brz brz-root__container-page\">\n<section id=\"_yebhzrrimqxmddpygfjmxeqkygpwcsixrajv\" class=\"brz-section brz-css-1dknfyd\">\n<div class=\"brz-section__content brz-section--boxed brz-css-96ygxu brz-css-1y3b6vv\" data-brz-custom-id=\"nwlzzhjauknquigpnldoayujqvtnagdupnjd\">\n<div class=\"brz-container brz-css-r7skzh\">\n<div id=\"\" class=\"brz-css-1mcacz brz-css-1ahf8id brz-wrapper\">\n<div class=\"brz-rich-text brz-rich-text__custom brz-css-1lbb7qk\" data-brz-custom-id=\"ojlrsargwassnjbzehtropvnbgnwgrrjbndg\">\n<div data-brz-translate-text=\"1\">\n<p class=\"brz-fs-lg-60 brz-ft-google brz-ff-overpass brz-tp-lg-empty brz-lh-lg-1_3 brz-ls-lg-m_1_5 brz-fw-lg-700 brz-fss-lg-px brz-tp-xs-empty brz-lh-xs-1_3 brz-ls-xs-m_1 brz-fw-xs-700 brz-fss-xs-px brz-fs-xs-48 brz-bcp-color7 brz-text-lg-left brz-fs-sm-60 brz-fss-sm-px brz-fw-sm-700 brz-ls-sm-m_1 brz-lh-sm-1_2 brz-tp-sm-empty brz-css-cfYZK\" data-uniq-id=\"hxkxo\" data-generated-css=\"brz-css-vpwyr\"><span class=\"brz-cp-color1\">Administraci\u00f3n<\/span><\/p>\n<\/div>\n<\/div>\n<\/div>\n<\/div>\n<\/div>\n<\/section>\n<section id=\"_zfiwaqyrsjnccqxlwephmsnmbbsfgzzwwehx\" class=\"brz-section brz-css-1dknfyd brz-css-mlowfq\">\n<div class=\"brz-section__content brz-section--boxed brz-css-96ygxu brz-css-1r5ytzl\" data-brz-custom-id=\"wjzqufhylzdeydrmvcjakcsdazckxgoocugy\">\n<div class=\"brz-bg\">\n<div class=\"brz-bg-color\"><\/div>\n<\/div>\n<div class=\"brz-container brz-css-r7skzh\">\n<div id=\"\" class=\"brz-css-1mcacz brz-css-15esgce brz-wrapper\">\n<div class=\"brz-line brz-line-default brz-css-19rzwlw brz-css-1u1faej\" data-brz-custom-id=\"vkwvbygvgtvhmxmvxcqdeauoubtsvnmiveyy\">\n<hr class=\"brz-hr\"><\/div>\n<\/div>\n<div class=\"brz-row__container brz-css-20ds5o brz-css-1e6csn1\" data-brz-custom-id=\"hoesxfsyxjswqyfozrffpulgsvmpbdwjytxd\">\n<div class=\"brz-bg\"><\/div>\n<div class=\"brz-row brz-css-1rsljwm brz-css-1afwwkd\">\n<div class=\"brz-columns brz-css-muck34 brz-css-1s64ojr\" data-brz-custom-id=\"oqlhomzjrtlmjjxikpigfhmlfnqixaxsvsux\">\n<div class=\"brz-bg\"><\/div>\n<div class=\"brz-column__items brz-css-1vufn51\">\n<div id=\"\" class=\"brz-css-1mcacz brz-css-xrgdfl brz-wrapper\">\n<div class=\"brz-image brz-css-7mvvae\" data-brz-custom-id=\"xbcxmknagfoohrljkjbpywwavwxbndlgwolb\"><img decoding=\"async\" class=\"brz-img\" src=\"https:\/\/colegiolourdes.es\/wp-content\/uploads\/brizy\/imgs\/Administracion-559x419x0x0x559x293x1640305565.jpg\" alt=\"\" loading=\"lazy\"><\/div>\n<\/div>\n<\/div>\n<\/div>\n<div data-brz-iteration-count=\"1\" class=\"brz-columns brz-css-muck34 brz-css-wueji9 brz-animated brz-css-14rzj7g brz-css-kas909\" data-brz-custom-id=\"chumbglsdthqjcqnheztjgmzgcowxsgertbk\">\n<div class=\"brz-bg\">\n<div class=\"brz-bg-color\"><\/div>\n<\/div>\n<div class=\"brz-column__items brz-css-1vufn51 brz-css-13lvk4r\">\n<div id=\"\" class=\"brz-css-1mcacz brz-css-4m8fxo brz-wrapper\">\n<div class=\"brz-rich-text brz-rich-text__custom brz-css-1lbb7qk\" data-brz-custom-id=\"sftpllwekwsmpfdqjalmnxhmaqimebcifsxi\">\n<div data-brz-translate-text=\"1\">\n<p class=\"brz-mt-lg-40 brz-text-lg-center brz-fss-lg-px brz-fw-lg-400 brz-ls-lg-0 brz-lh-lg-1_9 brz-tp-lg-empty brz-ff-wzboxjsqgqhchaabqhhwkjnsysfnjiaknuki brz-ft-upload brz-fs-lg-24 brz-css-x84Fu\" data-generated-css=\"brz-css-micis\" data-uniq-id=\"rqiwm\"><strong class=\"brz-cp-color3\">Administraci\u00f3n<\/strong><\/p>\n<p class=\"brz-tp-lg-paragraph brz-text-lg-justify brz-css-dluOW\" data-generated-css=\"brz-css-llgmh\" data-uniq-id=\"vtvyn\"><strong class=\"brz-cp-color3\"> <\/strong><\/p>\n<p class=\"brz-tp-lg-paragraph brz-text-lg-justify brz-css-ciNa2\" data-generated-css=\"brz-css-olpdx\" data-uniq-id=\"oyiij\"><strong class=\"brz-cp-color3\">Responsable<\/strong><span class=\"brz-cp-color8\">: D\u00f1a. Carolina Sevillano Cevidanes<\/span><\/p>\n<p class=\"brz-tp-lg-paragraph brz-text-lg-justify brz-mt-lg-0 brz-css-xoDiA\" data-generated-css=\"brz-css-bshgi\" data-uniq-id=\"amsuv\"><strong class=\"brz-cp-color3\">Correo electr\u00f3nico<\/strong><strong class=\"brz-cp-color8\">:<\/strong><span class=\"brz-cp-color8\"> administracion@colegiolourdes.es<\/span><\/p>\n<p class=\"brz-tp-lg-paragraph brz-text-lg-justify brz-css-bOzfh\" data-generated-css=\"brz-css-obzxa\" data-uniq-id=\"vlyin\"><strong class=\"brz-cp-color3\">Horario<\/strong><span class=\"brz-cp-color8\">:<\/span><\/p>\n<ul>\n<li class=\"brz-tp-lg-paragraph brz-text-lg-justify brz-bcp-color8 brz-css-hgWIp\" data-generated-css=\"brz-css-zhrdq\" data-uniq-id=\"pjezn\"><span class=\"brz-cp-color8\">De lunes a jueves: de 8:00 h. a 14:30 h. y de 16:00 h. a 17:30 h.<\/span><\/li>\n<li class=\"brz-tp-lg-paragraph brz-text-lg-justify brz-mt-lg-0 brz-bcp-color8 brz-css-a53Ps\" data-generated-css=\"brz-css-yixzn\" data-uniq-id=\"sqwbk\"><span class=\"brz-cp-color8\">Viernes: de 8:00 h. a 14:00 h. <\/span><\/li>\n<\/ul>\n<\/div>\n<\/div>\n<\/div>\n<\/div>\n<\/div>\n<\/div>\n<\/div>\n<div id=\"\" class=\"brz-css-1mcacz brz-css-19h5n6 brz-wrapper\">\n<div class=\"brz-rich-text brz-rich-text__custom brz-css-1lbb7qk\" data-brz-custom-id=\"xqucnynjmbjcbhybdueiaqbjvoiuqgassgfl\">\n<div data-brz-translate-text=\"1\">\n<p class=\"brz-tp-sm-empty brz-lh-sm-1_2 brz-ls-sm-m_1 brz-fw-sm-700 brz-fss-sm-px brz-fs-sm-60 brz-fs-lg-60 brz-ft-google brz-ff-overpass brz-tp-lg-empty brz-lh-lg-1_3 brz-ls-lg-m_1_5 brz-fw-lg-700 brz-fss-lg-px brz-tp-xs-empty brz-lh-xs-1_3 brz-ls-xs-m_1 brz-fw-xs-700 brz-fss-xs-px brz-fs-xs-48 brz-bcp-color7 brz-text-lg-right brz-css-tfKyo\" data-uniq-id=\"axwba\" data-generated-css=\"brz-css-alrxy\"><span class=\"brz-cp-color1\">Secretar\u00eda<\/span><\/p>\n<\/div>\n<\/div>\n<\/div>\n<\/div>\n<\/div>\n<\/section>\n<section id=\"_vfeauqdhecwcvfqewgngrrmclvzaxjuxpybm\" class=\"brz-section brz-css-1dknfyd brz-css-14oa9jk\">\n<div class=\"brz-section__content brz-section--boxed brz-css-96ygxu brz-css-yj3zk7\" data-brz-custom-id=\"nkhdfcivqbddheksbdynnuljbdufjebzcypg\">\n<div class=\"brz-container brz-css-r7skzh\">\n<div id=\"\" class=\"brz-css-1mcacz brz-css-f14bt7 brz-wrapper\">\n<div class=\"brz-line brz-line-default brz-css-19rzwlw brz-css-esn4l5\" data-brz-custom-id=\"fdfzqkfqfppvvnsuqbucwwsqqawulausdljj\">\n<hr class=\"brz-hr\"><\/div>\n<\/div>\n<div class=\"brz-row__container brz-css-20ds5o\" data-brz-custom-id=\"iyqihxovpdbffgkxhukllfxsmxfvkzudnojq\">\n<div class=\"brz-bg\"><\/div>\n<div class=\"brz-row brz-css-1rsljwm brz-css-1afwwkd\">\n<div data-brz-iteration-count=\"1\" class=\"brz-columns brz-css-muck34 brz-css-1rm8xrj brz-animated brz-css-1gxdck6 brz-css-180j8dd\" data-brz-custom-id=\"lezltjdyfhlhmsjtfzmlylivlflgysmdkpjc\">\n<div class=\"brz-bg\">\n<div class=\"brz-bg-color\"><\/div>\n<\/div>\n<div class=\"brz-column__items brz-css-1vufn51 brz-css-wiif38\">\n<div id=\"\" class=\"brz-css-1mcacz brz-css-1ubes40 brz-wrapper\">\n<div class=\"brz-rich-text brz-rich-text__custom brz-css-1lbb7qk\" data-brz-custom-id=\"bdcmmzrxibisbnaipweqnjcnlxxddaodlspm\">\n<div data-brz-translate-text=\"1\">\n<p class=\"brz-fs-lg-24 brz-ft-upload brz-ff-wzboxjsqgqhchaabqhhwkjnsysfnjiaknuki brz-tp-lg-empty brz-lh-lg-1_9 brz-ls-lg-0 brz-fw-lg-400 brz-fss-lg-px brz-text-lg-center brz-mt-lg-40 brz-css-ugwZO\" data-uniq-id=\"oxknz\" data-generated-css=\"brz-css-ewdpw\"><strong class=\"brz-cp-color3\">Secretar\u00eda<\/strong><\/p>\n<p class=\"brz-text-lg-justify brz-tp-lg-paragraph brz-css-ohFXx\" data-uniq-id=\"hrgnv\" data-generated-css=\"brz-css-clgdy\"><strong class=\"brz-cp-color3\"> <\/strong><\/p>\n<p class=\"brz-text-lg-justify brz-tp-lg-paragraph brz-css-xs61W\" data-uniq-id=\"bqxev\" data-generated-css=\"brz-css-frhkn\"><strong class=\"brz-cp-color3\">Responsable<\/strong><span class=\"brz-cp-color8\">: D\u00f1a. Eva Mar\u00eda Laguna Mart\u00ednez<\/span><\/p>\n<p class=\"brz-mt-lg-0 brz-text-lg-justify brz-tp-lg-paragraph brz-css-pj8Dm\" data-uniq-id=\"jnxuc\" data-generated-css=\"brz-css-owjet\"><strong class=\"brz-cp-color3\">Correo electr\u00f3nico<\/strong><strong class=\"brz-cp-color8\">:<\/strong><span class=\"brz-cp-color8\"> secretaria@colegiolourdes.es<\/span><\/p>\n<p class=\"brz-text-lg-justify brz-tp-lg-paragraph brz-css-xMxAD\" data-uniq-id=\"cvxhh\" data-generated-css=\"brz-css-uwtnq\"><strong class=\"brz-cp-color3\">Horario<\/strong><span class=\"brz-cp-color8\">:<\/span><\/p>\n<ul>\n<li class=\"brz-text-lg-justify brz-tp-lg-paragraph brz-bcp-color8 brz-css-nbnZE\" data-uniq-id=\"wccrb\" data-generated-css=\"brz-css-rourv\"><span class=\"brz-cp-color8\">De lunes a jueves: de 8:00 h. a 14:30 h. y de 15:30 h. a 17:00 h.<\/span><\/li>\n<li class=\"brz-mt-lg-0 brz-text-lg-justify brz-tp-lg-paragraph brz-bcp-color8 brz-css-yNNX9\" data-uniq-id=\"asfil\" data-generated-css=\"brz-css-psuof\"><span class=\"brz-cp-color8\">Viernes: de 8:00 h. a 14:00 h. <\/span><\/li>\n<\/ul>\n<\/div>\n<\/div>\n<\/div>\n<\/div>\n<\/div>\n<div class=\"brz-columns brz-css-muck34 brz-css-uv0ye6\" data-brz-custom-id=\"vyejtylivbrzrbujetmhamnltgwhkedfdnpp\">\n<div class=\"brz-bg\"><\/div>\n<div class=\"brz-column__items brz-css-1vufn51\">\n<div id=\"\" class=\"brz-css-1mcacz brz-css-1aj3ode brz-wrapper\">\n<div class=\"brz-image brz-css-s7adcu\" data-brz-custom-id=\"wcomhhnlmqfuhdsderbvbjdebyyzrlpoaqor\"><img decoding=\"async\" class=\"brz-img\" src=\"https:\/\/colegiolourdes.es\/wp-content\/uploads\/brizy\/imgs\/Secretaria-483x362x0x18x483x254x1640305943.jpg\" alt=\"\" loading=\"lazy\"><\/div>\n<\/div>\n<\/div>\n<\/div>\n<\/div>\n<\/div>\n<div id=\"\" class=\"brz-css-1mcacz brz-css-1upy6u9 brz-wrapper\">\n<div class=\"brz-rich-text brz-rich-text__custom brz-css-1lbb7qk\" data-brz-custom-id=\"mgoacyhzumyrjtaqaonxgodnqpaivuuayxpo\">\n<div data-brz-translate-text=\"1\">\n<p class=\"brz-fs-lg-60 brz-ft-google brz-ff-overpass brz-tp-lg-empty brz-lh-lg-1_3 brz-ls-lg-m_1_5 brz-fw-lg-700 brz-fss-lg-px brz-tp-xs-empty brz-lh-xs-1_3 brz-ls-xs-m_1 brz-fw-xs-700 brz-fss-xs-px brz-fs-xs-48 brz-bcp-color7 brz-text-lg-left brz-fs-sm-60 brz-fss-sm-px brz-fw-sm-700 brz-ls-sm-m_1 brz-lh-sm-1_2 brz-tp-sm-empty brz-css-peIrw\" data-uniq-id=\"qcfkd\" data-generated-css=\"brz-css-qvhwv\"><span class=\"brz-cp-color1\">Recepci\u00f3n<\/span><\/p>\n<\/div>\n<\/div>\n<\/div>\n<\/div>\n<\/div>\n<\/section>\n<section id=\"_gizsnbfbleqrvlqcmdqyuedlvuzjoglrqncb\" class=\"brz-section brz-css-1dknfyd brz-css-17k7vcy\">\n<div class=\"brz-section__content brz-section--boxed brz-css-96ygxu brz-css-1hqbicb\" data-brz-custom-id=\"lzbrxllatlcyqymlzmjhjpkssagkilcmiijn\">\n<div class=\"brz-bg\">\n<div class=\"brz-bg-color\"><\/div>\n<\/div>\n<div class=\"brz-container brz-css-r7skzh\">\n<div id=\"\" class=\"brz-css-1mcacz brz-css-1lzqwvh brz-wrapper\">\n<div class=\"brz-line brz-line-default brz-css-19rzwlw brz-css-1khq1je\" data-brz-custom-id=\"kcsujowehcwylxtzggrqtdrzhbeslucqrvnb\">\n<hr class=\"brz-hr\"><\/div>\n<\/div>\n<div class=\"brz-row__container brz-css-20ds5o brz-css-onjwne\" data-brz-custom-id=\"qjeprohhcrgrdcreoyxfafbvakhcewdlczfx\">\n<div class=\"brz-bg\"><\/div>\n<div class=\"brz-row brz-css-1rsljwm brz-css-1afwwkd\">\n<div class=\"brz-columns brz-css-muck34 brz-css-176ys5r\" data-brz-custom-id=\"gngekdgnxuhcizesryejvivesdibyrntaleq\">\n<div class=\"brz-bg\"><\/div>\n<div class=\"brz-column__items brz-css-1vufn51\">\n<div id=\"\" class=\"brz-css-1mcacz brz-css-vst69c brz-wrapper\">\n<div class=\"brz-image brz-css-ypsya\" data-brz-custom-id=\"winfsiqlcioxdvixiheiehfebfocwckjazox\"><img decoding=\"async\" class=\"brz-img\" src=\"https:\/\/colegiolourdes.es\/wp-content\/uploads\/brizy\/imgs\/Recepcion-559x314x0x0x559x267x1690896621.jpg\" alt=\"\" loading=\"lazy\"><\/div>\n<\/div>\n<\/div>\n<\/div>\n<div data-brz-iteration-count=\"1\" class=\"brz-columns brz-css-muck34 brz-css-1ogt2wg brz-animated brz-css-mywwnw brz-css-12m7qd6\" data-brz-custom-id=\"ivdlhradtqhqbmmtloelpqxswjbmalkkstdc\">\n<div class=\"brz-bg\">\n<div class=\"brz-bg-color\"><\/div>\n<\/div>\n<div class=\"brz-column__items brz-css-1vufn51 brz-css-xbr01\">\n<div id=\"\" class=\"brz-css-1mcacz brz-css-1hxn5np brz-wrapper\">\n<div class=\"brz-rich-text brz-rich-text__custom brz-css-1lbb7qk\" data-brz-custom-id=\"hgaahbbigvtnuqyaflofpblwrmkpzzgenzld\">\n<div data-brz-translate-text=\"1\">\n<p class=\"brz-fs-lg-24 brz-ft-upload brz-ff-wzboxjsqgqhchaabqhhwkjnsysfnjiaknuki brz-tp-lg-empty brz-lh-lg-1_9 brz-ls-lg-0 brz-fw-lg-400 brz-fss-lg-px brz-mt-lg-40 brz-text-lg-center brz-css-ikVqO\" data-generated-css=\"brz-css-exusq\" data-uniq-id=\"qlpfz\"><strong class=\"brz-cp-color3\">Recepci\u00f3n<\/strong><\/p>\n<p class=\"brz-tp-lg-paragraph brz-text-lg-justify brz-css-lPY_H\" data-generated-css=\"brz-css-junzq\" data-uniq-id=\"etnrn\"><strong class=\"brz-cp-color3\"> <\/strong><\/p>\n<p class=\"brz-tp-lg-paragraph brz-text-lg-justify brz-css-rISfR\" data-generated-css=\"brz-css-eftpi\" data-uniq-id=\"khkla\"><strong class=\"brz-cp-color3\">Responsables<\/strong><span class=\"brz-cp-color8\">: D\u00f1a. Dolores Gil y <\/span><span class=\"brz-cp-color8\">D\u00f1a. Sara Alonso <\/span><\/p>\n<p class=\"brz-tp-lg-paragraph brz-text-lg-justify brz-mt-lg-0 brz-css-cNEA9\" data-generated-css=\"brz-css-dmnay\" data-uniq-id=\"ajoou\"><strong class=\"brz-cp-color3\">Correo electr\u00f3nico<\/strong><strong class=\"brz-cp-color8\">:<\/strong><span class=\"brz-cp-color8\"> recepcion@colegiolourdes.es<\/span><\/p>\n<p class=\"brz-tp-lg-paragraph brz-text-lg-justify brz-css-twx5V\" data-generated-css=\"brz-css-vprsc\" data-uniq-id=\"fcohl\"><strong class=\"brz-cp-color3\">Horario<\/strong><span class=\"brz-cp-color8\">:<\/span><\/p>\n<ul>\n<li class=\"brz-tp-lg-paragraph brz-text-lg-justify brz-bcp-color8 brz-css-dOutq\" data-generated-css=\"brz-css-cvjpd\" data-uniq-id=\"qjqte\"><span class=\"brz-cp-color8\">De lunes a viernes: de 7:45 h. a 21:00 h.<\/span><\/li>\n<\/ul>\n<\/div>\n<\/div>\n<\/div>\n<\/div>\n<\/div>\n<\/div>\n<\/div>\n<div id=\"\" class=\"brz-css-1mcacz brz-wrapper\">\n<div class=\"brz-line brz-line-default brz-css-19rzwlw brz-css-1rwt2vn\" data-brz-custom-id=\"aexhyyndvniypdvhqxsxjuytqmysfverszpr\">\n<hr class=\"brz-hr\"><\/div>\n<\/div>\n<\/div>\n<\/div>\n<\/section>\n<\/div>\n<p>    <!-- version:1736996907 --><\/p>\n","protected":false},"excerpt":{"rendered":"<p>Administraci\u00f3n Administraci\u00f3n Responsable: D\u00f1a. Carolina Sevillano Cevidanes Correo electr\u00f3nico: administracion@colegiolourdes.es Horario: De lunes a jueves: de 8:00 h. a 14:30 h. y de 16:00 h. a 17:30 h. Viernes: de 8:00 h. a 14:00 h. Secretar\u00eda Secretar\u00eda Responsable: D\u00f1a. Eva Mar\u00eda Laguna Mart\u00ednez Correo electr\u00f3nico: secretaria@colegiolourdes.es Horario: De lunes a jueves: de 8:00 h. a&hellip; <a class=\"more-link\" href=\"https:\/\/colegiolourdes.es\/index.php\/administracion-y-secretaria\/\">Seguir leyendo <span class=\"screen-reader-text\">Administraci\u00f3n, secretar\u00eda y recepci\u00f3n<\/span><\/a><\/p>\n","protected":false},"author":5,"featured_media":0,"parent":0,"menu_order":0,"comment_status":"closed","ping_status":"closed","template":"brizy-blank-template.php","meta":{"footnotes":""},"class_list":["post-19215","page","type-page","status-publish","hentry","entry"],"yoast_head":"<!-- This site is optimized with the Yoast SEO plugin v27.6 - https:\/\/yoast.com\/product\/yoast-seo-wordpress\/ -->\n<title>Administraci\u00f3n, secretar\u00eda y recepci\u00f3n - Colegio Lourdes<\/title>\n<meta name=\"robots\" content=\"index, follow, max-snippet:-1, max-image-preview:large, max-video-preview:-1\" \/>\n<link rel=\"canonical\" href=\"https:\/\/colegiolourdes.es\/index.php\/administracion-y-secretaria\/\" \/>\n<meta property=\"og:locale\" content=\"es_ES\" \/>\n<meta property=\"og:type\" content=\"article\" \/>\n<meta property=\"og:title\" content=\"Administraci\u00f3n, secretar\u00eda y recepci\u00f3n - Colegio Lourdes\" \/>\n<meta property=\"og:description\" content=\"Administraci\u00f3n Administraci\u00f3n Responsable: D\u00f1a. Carolina Sevillano Cevidanes Correo electr\u00f3nico: administracion@colegiolourdes.es Horario: De lunes a jueves: de 8:00 h. a 14:30 h. y de 16:00 h. a 17:30 h. Viernes: de 8:00 h. a 14:00 h. Secretar\u00eda Secretar\u00eda Responsable: D\u00f1a. Eva Mar\u00eda Laguna Mart\u00ednez Correo electr\u00f3nico: secretaria@colegiolourdes.es Horario: De lunes a jueves: de 8:00 h. a&hellip; Seguir leyendo Administraci\u00f3n, secretar\u00eda y recepci\u00f3n\" \/>\n<meta property=\"og:url\" content=\"https:\/\/colegiolourdes.es\/index.php\/administracion-y-secretaria\/\" \/>\n<meta property=\"og:site_name\" content=\"Colegio Lourdes\" \/>\n<meta property=\"article:publisher\" content=\"https:\/\/www.facebook.com\/colegiolourdesva\" \/>\n<meta property=\"article:modified_time\" content=\"2025-05-05T09:52:05+00:00\" \/>\n<meta property=\"og:image\" content=\"https:\/\/colegiolourdes.es\/wp-content\/uploads\/brizy\/imgs\/Administracion-559x419x0x0x559x293x1640305565.jpg\" \/>\n<meta name=\"twitter:card\" content=\"summary_large_image\" \/>\n<meta name=\"twitter:site\" content=\"@ColeLourdesVa\" \/>\n<meta name=\"twitter:label1\" content=\"Tiempo de lectura\" \/>\n\t<meta name=\"twitter:data1\" content=\"4 minutos\" \/>\n<script type=\"application\/ld+json\" class=\"yoast-schema-graph\">{\"@context\":\"https:\\\/\\\/schema.org\",\"@graph\":[{\"@type\":\"WebPage\",\"@id\":\"https:\\\/\\\/colegiolourdes.es\\\/index.php\\\/administracion-y-secretaria\\\/\",\"url\":\"https:\\\/\\\/colegiolourdes.es\\\/index.php\\\/administracion-y-secretaria\\\/\",\"name\":\"Administraci\u00f3n, secretar\u00eda y recepci\u00f3n - Colegio Lourdes\",\"isPartOf\":{\"@id\":\"https:\\\/\\\/colegiolourdes.es\\\/#website\"},\"primaryImageOfPage\":{\"@id\":\"https:\\\/\\\/colegiolourdes.es\\\/index.php\\\/administracion-y-secretaria\\\/#primaryimage\"},\"image\":{\"@id\":\"https:\\\/\\\/colegiolourdes.es\\\/index.php\\\/administracion-y-secretaria\\\/#primaryimage\"},\"thumbnailUrl\":\"https:\\\/\\\/colegiolourdes.es\\\/wp-content\\\/uploads\\\/brizy\\\/imgs\\\/Administracion-559x419x0x0x559x293x1640305565.jpg\",\"datePublished\":\"2021-12-24T00:53:46+00:00\",\"dateModified\":\"2025-05-05T09:52:05+00:00\",\"inLanguage\":\"es\",\"potentialAction\":[{\"@type\":\"ReadAction\",\"target\":[\"https:\\\/\\\/colegiolourdes.es\\\/index.php\\\/administracion-y-secretaria\\\/\"]}]},{\"@type\":\"ImageObject\",\"inLanguage\":\"es\",\"@id\":\"https:\\\/\\\/colegiolourdes.es\\\/index.php\\\/administracion-y-secretaria\\\/#primaryimage\",\"url\":\"https:\\\/\\\/colegiolourdes.es\\\/wp-content\\\/uploads\\\/brizy\\\/imgs\\\/Administracion-559x419x0x0x559x293x1640305565.jpg\",\"contentUrl\":\"https:\\\/\\\/colegiolourdes.es\\\/wp-content\\\/uploads\\\/brizy\\\/imgs\\\/Administracion-559x419x0x0x559x293x1640305565.jpg\"},{\"@type\":\"WebSite\",\"@id\":\"https:\\\/\\\/colegiolourdes.es\\\/#website\",\"url\":\"https:\\\/\\\/colegiolourdes.es\\\/\",\"name\":\"Colegio Lourdes\",\"description\":\"Web del Colegio Nuestra Se\u00f1ora de Lourdes de Valladolid.\",\"publisher\":{\"@id\":\"https:\\\/\\\/colegiolourdes.es\\\/#organization\"},\"alternateName\":\"Colegio Nuestra Se\u00f1ora de Lourdes\",\"potentialAction\":[{\"@type\":\"SearchAction\",\"target\":{\"@type\":\"EntryPoint\",\"urlTemplate\":\"https:\\\/\\\/colegiolourdes.es\\\/?s={search_term_string}\"},\"query-input\":{\"@type\":\"PropertyValueSpecification\",\"valueRequired\":true,\"valueName\":\"search_term_string\"}}],\"inLanguage\":\"es\"},{\"@type\":\"Organization\",\"@id\":\"https:\\\/\\\/colegiolourdes.es\\\/#organization\",\"name\":\"Colegio Nuestra Se\u00f1ora de Lourdes\",\"alternateName\":\"Colegio Lourdes Valladolid\",\"url\":\"https:\\\/\\\/colegiolourdes.es\\\/\",\"logo\":{\"@type\":\"ImageObject\",\"inLanguage\":\"es\",\"@id\":\"https:\\\/\\\/colegiolourdes.es\\\/#\\\/schema\\\/logo\\\/image\\\/\",\"url\":\"https:\\\/\\\/colegiolourdes.es\\\/wp-content\\\/uploads\\\/2021\\\/11\\\/cropped-Escudo.png\",\"contentUrl\":\"https:\\\/\\\/colegiolourdes.es\\\/wp-content\\\/uploads\\\/2021\\\/11\\\/cropped-Escudo.png\",\"width\":85,\"height\":105,\"caption\":\"Colegio Nuestra Se\u00f1ora de Lourdes\"},\"image\":{\"@id\":\"https:\\\/\\\/colegiolourdes.es\\\/#\\\/schema\\\/logo\\\/image\\\/\"},\"sameAs\":[\"https:\\\/\\\/www.facebook.com\\\/colegiolourdesva\",\"https:\\\/\\\/x.com\\\/ColeLourdesVa\",\"https:\\\/\\\/www.instagram.com\\\/colegio_lourdes_valladolid\\\/\"]}]}<\/script>\n<!-- \/ Yoast SEO plugin. -->","yoast_head_json":{"title":"Administraci\u00f3n, secretar\u00eda y recepci\u00f3n - Colegio Lourdes","robots":{"index":"index","follow":"follow","max-snippet":"max-snippet:-1","max-image-preview":"max-image-preview:large","max-video-preview":"max-video-preview:-1"},"canonical":"https:\/\/colegiolourdes.es\/index.php\/administracion-y-secretaria\/","og_locale":"es_ES","og_type":"article","og_title":"Administraci\u00f3n, secretar\u00eda y recepci\u00f3n - Colegio Lourdes","og_description":"Administraci\u00f3n Administraci\u00f3n Responsable: D\u00f1a. Carolina Sevillano Cevidanes Correo electr\u00f3nico: administracion@colegiolourdes.es Horario: De lunes a jueves: de 8:00 h. a 14:30 h. y de 16:00 h. a 17:30 h. Viernes: de 8:00 h. a 14:00 h. Secretar\u00eda Secretar\u00eda Responsable: D\u00f1a. Eva Mar\u00eda Laguna Mart\u00ednez Correo electr\u00f3nico: secretaria@colegiolourdes.es Horario: De lunes a jueves: de 8:00 h. a&hellip; Seguir leyendo Administraci\u00f3n, secretar\u00eda y recepci\u00f3n","og_url":"https:\/\/colegiolourdes.es\/index.php\/administracion-y-secretaria\/","og_site_name":"Colegio Lourdes","article_publisher":"https:\/\/www.facebook.com\/colegiolourdesva","article_modified_time":"2025-05-05T09:52:05+00:00","og_image":[{"url":"https:\/\/colegiolourdes.es\/wp-content\/uploads\/brizy\/imgs\/Administracion-559x419x0x0x559x293x1640305565.jpg","type":"","width":"","height":""}],"twitter_card":"summary_large_image","twitter_site":"@ColeLourdesVa","twitter_misc":{"Tiempo de lectura":"4 minutos"},"schema":{"@context":"https:\/\/schema.org","@graph":[{"@type":"WebPage","@id":"https:\/\/colegiolourdes.es\/index.php\/administracion-y-secretaria\/","url":"https:\/\/colegiolourdes.es\/index.php\/administracion-y-secretaria\/","name":"Administraci\u00f3n, secretar\u00eda y recepci\u00f3n - Colegio Lourdes","isPartOf":{"@id":"https:\/\/colegiolourdes.es\/#website"},"primaryImageOfPage":{"@id":"https:\/\/colegiolourdes.es\/index.php\/administracion-y-secretaria\/#primaryimage"},"image":{"@id":"https:\/\/colegiolourdes.es\/index.php\/administracion-y-secretaria\/#primaryimage"},"thumbnailUrl":"https:\/\/colegiolourdes.es\/wp-content\/uploads\/brizy\/imgs\/Administracion-559x419x0x0x559x293x1640305565.jpg","datePublished":"2021-12-24T00:53:46+00:00","dateModified":"2025-05-05T09:52:05+00:00","inLanguage":"es","potentialAction":[{"@type":"ReadAction","target":["https:\/\/colegiolourdes.es\/index.php\/administracion-y-secretaria\/"]}]},{"@type":"ImageObject","inLanguage":"es","@id":"https:\/\/colegiolourdes.es\/index.php\/administracion-y-secretaria\/#primaryimage","url":"https:\/\/colegiolourdes.es\/wp-content\/uploads\/brizy\/imgs\/Administracion-559x419x0x0x559x293x1640305565.jpg","contentUrl":"https:\/\/colegiolourdes.es\/wp-content\/uploads\/brizy\/imgs\/Administracion-559x419x0x0x559x293x1640305565.jpg"},{"@type":"WebSite","@id":"https:\/\/colegiolourdes.es\/#website","url":"https:\/\/colegiolourdes.es\/","name":"Colegio Lourdes","description":"Web del Colegio Nuestra Se\u00f1ora de Lourdes de Valladolid.","publisher":{"@id":"https:\/\/colegiolourdes.es\/#organization"},"alternateName":"Colegio Nuestra Se\u00f1ora de Lourdes","potentialAction":[{"@type":"SearchAction","target":{"@type":"EntryPoint","urlTemplate":"https:\/\/colegiolourdes.es\/?s={search_term_string}"},"query-input":{"@type":"PropertyValueSpecification","valueRequired":true,"valueName":"search_term_string"}}],"inLanguage":"es"},{"@type":"Organization","@id":"https:\/\/colegiolourdes.es\/#organization","name":"Colegio Nuestra Se\u00f1ora de Lourdes","alternateName":"Colegio Lourdes Valladolid","url":"https:\/\/colegiolourdes.es\/","logo":{"@type":"ImageObject","inLanguage":"es","@id":"https:\/\/colegiolourdes.es\/#\/schema\/logo\/image\/","url":"https:\/\/colegiolourdes.es\/wp-content\/uploads\/2021\/11\/cropped-Escudo.png","contentUrl":"https:\/\/colegiolourdes.es\/wp-content\/uploads\/2021\/11\/cropped-Escudo.png","width":85,"height":105,"caption":"Colegio Nuestra Se\u00f1ora de Lourdes"},"image":{"@id":"https:\/\/colegiolourdes.es\/#\/schema\/logo\/image\/"},"sameAs":["https:\/\/www.facebook.com\/colegiolourdesva","https:\/\/x.com\/ColeLourdesVa","https:\/\/www.instagram.com\/colegio_lourdes_valladolid\/"]}]}},"_links":{"self":[{"href":"https:\/\/colegiolourdes.es\/index.php\/wp-json\/wp\/v2\/pages\/19215","targetHints":{"allow":["GET"]}}],"collection":[{"href":"https:\/\/colegiolourdes.es\/index.php\/wp-json\/wp\/v2\/pages"}],"about":[{"href":"https:\/\/colegiolourdes.es\/index.php\/wp-json\/wp\/v2\/types\/page"}],"author":[{"embeddable":true,"href":"https:\/\/colegiolourdes.es\/index.php\/wp-json\/wp\/v2\/users\/5"}],"replies":[{"embeddable":true,"href":"https:\/\/colegiolourdes.es\/index.php\/wp-json\/wp\/v2\/comments?post=19215"}],"version-history":[{"count":30,"href":"https:\/\/colegiolourdes.es\/index.php\/wp-json\/wp\/v2\/pages\/19215\/revisions"}],"predecessor-version":[{"id":73321,"href":"https:\/\/colegiolourdes.es\/index.php\/wp-json\/wp\/v2\/pages\/19215\/revisions\/73321"}],"wp:attachment":[{"href":"https:\/\/colegiolourdes.es\/index.php\/wp-json\/wp\/v2\/media?parent=19215"}],"curies":[{"name":"wp","href":"https:\/\/api.w.org\/{rel}","templated":true}]}}