{"id":48458,"date":"2022-10-05T08:44:43","date_gmt":"2022-10-05T06:44:43","guid":{"rendered":"https:\/\/colegiolourdes.es\/?page_id=48458"},"modified":"2025-09-03T09:27:21","modified_gmt":"2025-09-03T07:27:21","slug":"certificacion-tic","status":"publish","type":"page","link":"https:\/\/colegiolourdes.es\/index.php\/certificacion-tic\/","title":{"rendered":"Certificaci\u00f3n TIC"},"content":{"rendered":"<div class=\"brz-root__container brz-reset-all brz brz-root__container-page\">\n<section id=\"5a9c1a05d360a97bfbb4_yebhzrrimqxmddpygfjmxeqkygpwcsixrajv\" class=\"brz-section brz-css-1dknfyd\">\n<div class=\"brz-section__content brz-section--boxed brz-css-96ygxu brz-css-1y3b6vv\" data-brz-custom-id=\"nwlzzhjauknquigpnldoayujqvtnagdupnjd\">\n<div class=\"brz-container brz-css-r7skzh\">\n<div id=\"\" class=\"brz-css-7u6mbw brz-css-16ry9y9 brz-wrapper\">\n<div class=\"brz-rich-text brz-rich-text__custom brz-css-1ui8abu\" data-brz-custom-id=\"uavtjmwgwvwwjswbhxmhipntbjcpuvsuohmd\">\n<div data-brz-translate-text=\"1\">\n<p class=\"brz-fs-lg-60 brz-ft-google brz-ff-overpass brz-tp-lg-empty brz-lh-lg-1_3 brz-ls-lg-m_1_5 brz-fw-lg-700 brz-fss-lg-px brz-tp-xs-empty brz-lh-xs-1_3 brz-ls-xs-m_1 brz-fw-xs-700 brz-fss-xs-px brz-fs-xs-48 brz-bcp-color7 brz-text-lg-left brz-fs-sm-60 brz-fss-sm-px brz-fw-sm-700 brz-ls-sm-m_1 brz-lh-sm-1_2 brz-tp-sm-empty brz-css-wAXWw\" data-uniq-id=\"rwthx\" data-generated-css=\"brz-css-rtvgn\"><span class=\"brz-cp-color1\" style=\"opacity: 0.7;\">Plan TIC<\/span><\/p>\n<\/div>\n<\/div>\n<\/div>\n<\/div>\n<\/div>\n<\/section>\n<section id=\"1fc67a67a3dcd978c86a_zfiwaqyrsjnccqxlwephmsnmbbsfgzzwwehx\" class=\"brz-section brz-css-1dknfyd brz-css-mlowfq\">\n<div class=\"brz-section__content brz-section--boxed brz-css-96ygxu brz-css-1rz2jpm\" data-brz-custom-id=\"wjzqufhylzdeydrmvcjakcsdazckxgoocugy\">\n<div class=\"brz-bg\">\n<div class=\"brz-bg-color\"><\/div>\n<\/div>\n<div class=\"brz-container brz-css-r7skzh\">\n<div id=\"\" class=\"brz-css-7u6mbw brz-css-vcr1pk brz-wrapper\">\n<div class=\"brz-line brz-line-default brz-css-19rzwlw brz-css-1u1faej\" data-brz-custom-id=\"vkwvbygvgtvhmxmvxcqdeauoubtsvnmiveyy\">\n<hr class=\"brz-hr\"><\/div>\n<\/div>\n<div class=\"brz-row__container brz-css-20ds5o brz-css-1e6csn1\" data-brz-custom-id=\"hoesxfsyxjswqyfozrffpulgsvmpbdwjytxd\">\n<div class=\"brz-bg\"><\/div>\n<div class=\"brz-row brz-css-1rsljwm brz-css-1afwwkd\">\n<div class=\"brz-columns brz-css-muck34 brz-css-1s64ojr\" data-brz-custom-id=\"oqlhomzjrtlmjjxikpigfhmlfnqixaxsvsux\">\n<div class=\"brz-bg\"><\/div>\n<div class=\"brz-column__items brz-css-1vufn51\">\n<div id=\"\" class=\"brz-css-7u6mbw brz-css-7ofqxi brz-wrapper\">\n<div class=\"brz-image brz-css-7mvvae\" data-brz-custom-id=\"xbcxmknagfoohrljkjbpywwavwxbndlgwolb\"><picture class=\"brz-picture brz-d-block brz-p-relative brz-css-pkqso8\"><source srcset=\"https:\/\/colegiolourdes.es\/wp-content\/uploads\/brizy\/imgs\/TIC.Lourdes-559x269x0x0x559x237x1664952090.jpg 1x, https:\/\/colegiolourdes.es\/wp-content\/uploads\/brizy\/imgs\/TIC.Lourdes-1118x538x0x0x1118x474x1664952090.jpg 2x\" media=\"(min-width: 992px)\"><source srcset=\"https:\/\/colegiolourdes.es\/wp-content\/uploads\/brizy\/imgs\/TIC.Lourdes-356x171x0x0x356x151x1664952090.jpg 1x, https:\/\/colegiolourdes.es\/wp-content\/uploads\/brizy\/imgs\/TIC.Lourdes-712x342x0x0x712x302x1664952090.jpg 2x\" media=\"(min-width: 768px)\"><img decoding=\"async\" class=\"brz-img\" srcset=\"https:\/\/colegiolourdes.es\/wp-content\/uploads\/brizy\/imgs\/TIC.Lourdes-409x197x0x0x409x173x1664952090.jpg 1x, https:\/\/colegiolourdes.es\/wp-content\/uploads\/brizy\/imgs\/TIC.Lourdes-818x394x0x0x818x346x1664952090.jpg 2x\" src=\"https:\/\/colegiolourdes.es\/wp-content\/uploads\/brizy\/imgs\/TIC.Lourdes-559x269x0x0x559x237x1664952090.jpg\" alt=\"\" draggable=\"false\" loading=\"lazy\"><\/picture><\/div>\n<\/div>\n<\/div>\n<\/div>\n<div data-brz-iteration-count=\"1\" class=\"brz-columns brz-css-muck34 brz-css-wueji9 brz-animated brz-css-14rzj7g brz-css-kas909\" data-brz-custom-id=\"chumbglsdthqjcqnheztjgmzgcowxsgertbk\">\n<div class=\"brz-bg\">\n<div class=\"brz-bg-color\"><\/div>\n<\/div>\n<div class=\"brz-column__items brz-css-1vufn51 brz-css-wza1nu\">\n<div id=\"\" class=\"brz-css-7u6mbw brz-css-oj5suf brz-wrapper\">\n<div class=\"brz-rich-text brz-rich-text__custom brz-css-1ui8abu\" data-brz-custom-id=\"sftpllwekwsmpfdqjalmnxhmaqimebcifsxi\">\n<div data-brz-translate-text=\"1\">\n<p class=\"brz-text-lg-center brz-tp-lg-empty brz-ff-wzboxjsqgqhchaabqhhwkjnsysfnjiaknuki brz-ft-upload brz-fs-lg-28 brz-fss-lg-px brz-fw-lg-400 brz-ls-lg-0 brz-lh-lg-1_2 brz-mt-lg-60 brz-css-lmZB1\" data-uniq-id=\"oqjzt\" data-generated-css=\"brz-css-ewmrz\"><strong class=\"brz-cp-color3\">Plan TIC<\/strong><\/p>\n<p class=\"brz-text-lg-justify brz-tp-lg-empty brz-ff-wzboxjsqgqhchaabqhhwkjnsysfnjiaknuki brz-ft-upload brz-fs-lg-15 brz-fss-lg-px brz-fw-lg-400 brz-ls-lg-0 brz-lh-lg-1_8 brz-css-eD416\" data-uniq-id=\"zitcz\" data-generated-css=\"brz-css-sypsq\"><strong class=\"brz-cp-color3\"> <\/strong><\/p>\n<p class=\"brz-text-lg-justify brz-tp-lg-empty brz-ff-wzboxjsqgqhchaabqhhwkjnsysfnjiaknuki brz-ft-upload brz-fs-lg-15 brz-fss-lg-px brz-fw-lg-400 brz-ls-lg-0 brz-lh-lg-1_8 brz-css-pSA9q\" data-uniq-id=\"xeghh\" data-generated-css=\"brz-css-tdxjf\"><strong class=\"brz-cp-color8\">El Colegio Lourdes siempre ha procurado mantener la innovaci\u00f3n como uno de los pilares centrales de su acci\u00f3n educativa, tanto en la parte pedag\u00f3gica, de gesti\u00f3n o, c\u00f3mo no, en la implantaci\u00f3n de las TIC en todos los \u00e1mbitos colegiales.<\/strong><\/p>\n<p class=\"brz-tp-lg-empty brz-ff-wzboxjsqgqhchaabqhhwkjnsysfnjiaknuki brz-ft-upload brz-fs-lg-15 brz-fss-lg-px brz-fw-lg-400 brz-ls-lg-0 brz-lh-lg-1_8 brz-text-lg-justify brz-css-xj_T9\" data-uniq-id=\"nqmib\" data-generated-css=\"brz-css-toikd\"><span class=\"brz-cp-color8\"> <\/span><\/p>\n<\/div>\n<\/div>\n<\/div>\n<div class=\"brz-wrapper-clone brz-css-1tjz7tm brz-css-rthq7l\">\n<div class=\"brz-d-xs-flex brz-flex-xs-wrap brz-css-2y3l5q\" data-brz-custom-id=\"\">\n<div class=\"brz-wrapper-clone__item\" id=\"repjcdvdofjzhsurdstlectwzaadkmrmayhl\"><a class=\"brz-a brz-btn brz-css-1dbys5x brz-css-192j606 brz-css-sduxzf brz-css-b2qm49\" href=\"https:\/\/colegiolourdes.es\/wp-content\/uploads\/2025\/04\/24-25_PlanTIC_47004081_COLEGIO_NUESTRA_SENORA_DEL_LOURDES.pdf\" target=\"_blank\" rel=\"noopener\" data-brz-link-type=\"external\" data-brz-custom-id=\"repjcdvdofjzhsurdstlectwzaadkmrmayhl\"><span data-brz-translate-text=\"1\" class=\"brz-span brz-text__editor\">Acceso al Plan TIC<\/span><\/a><\/div>\n<\/div>\n<\/div>\n<\/div>\n<\/div>\n<\/div>\n<\/div>\n<div id=\"\" class=\"brz-css-7u6mbw brz-css-l4di9z brz-wrapper\">\n<div class=\"brz-spacer brz-css-1p4a20d\"><\/div>\n<\/div>\n<div id=\"\" class=\"brz-css-7u6mbw brz-css-1ahf8id brz-wrapper\">\n<div class=\"brz-rich-text brz-rich-text__custom brz-css-1ui8abu\" data-brz-custom-id=\"ojlrsargwassnjbzehtropvnbgnwgrrjbndg\">\n<div data-brz-translate-text=\"1\">\n<p class=\"brz-tp-sm-empty brz-lh-sm-1_2 brz-ls-sm-m_1 brz-fw-sm-700 brz-fss-sm-px brz-fs-sm-60 brz-bcp-color7 brz-fs-xs-48 brz-fss-xs-px brz-fw-xs-700 brz-ls-xs-m_1 brz-lh-xs-1_3 brz-tp-xs-empty brz-fss-lg-px brz-fw-lg-700 brz-ls-lg-m_1_5 brz-lh-lg-1_3 brz-tp-lg-empty brz-ff-overpass brz-ft-google brz-fs-lg-60 brz-text-lg-right brz-css-qa50X\" data-generated-css=\"brz-css-yghfp\" data-uniq-id=\"zguap\"><span class=\"brz-cp-color1\" style=\"opacity: 0.7;\">Certificaci\u00f3n TIC<\/span><\/p>\n<\/div>\n<\/div>\n<\/div>\n<\/div>\n<\/div>\n<\/section>\n<section id=\"da929a46645e6f8746f0_teuqlzmyhqarmsflsbvjlxnnkwscstvzhzxr\" class=\"brz-section brz-css-1dknfyd brz-css-1ouruec\">\n<div class=\"brz-section__content brz-section--boxed brz-css-96ygxu brz-css-1fkgnx1\" data-brz-custom-id=\"cesoeryxawyxmzvstpcmmivecrdzohenrtwx\">\n<div class=\"brz-bg\">\n<div class=\"brz-bg-color\"><\/div>\n<\/div>\n<div class=\"brz-container brz-css-r7skzh\">\n<div id=\"\" class=\"brz-css-7u6mbw brz-css-i7aubf brz-wrapper\">\n<div class=\"brz-line brz-line-default brz-css-19rzwlw brz-css-164oa15\" data-brz-custom-id=\"cmllzyydhiapytrayclncndltysloriflefy\">\n<hr class=\"brz-hr\"><\/div>\n<\/div>\n<div class=\"brz-row__container brz-css-20ds5o brz-css-1lc7ome\" data-brz-custom-id=\"uplrcggpxgwouqtqauogivjuefvqzlygtfub\">\n<div class=\"brz-bg\"><\/div>\n<div class=\"brz-row brz-css-1rsljwm brz-css-1afwwkd\">\n<div data-brz-iteration-count=\"1\" class=\"brz-columns brz-css-muck34 brz-css-s40x5r brz-animated brz-css-14rzj7g brz-css-4z3h4m\" data-brz-custom-id=\"immfablkfchzqscjmjobszveqyltaezcwmhy\">\n<div class=\"brz-bg\">\n<div class=\"brz-bg-color\"><\/div>\n<\/div>\n<div class=\"brz-column__items brz-css-1vufn51 brz-css-15z482s\">\n<div id=\"\" class=\"brz-css-7u6mbw brz-css-od8xa6 brz-wrapper\">\n<div class=\"brz-rich-text brz-rich-text__custom brz-css-1ui8abu\" data-brz-custom-id=\"zfkaykcnjklhqekbsunaiphjtihzthwsemez\">\n<div data-brz-translate-text=\"1\">\n<p class=\"brz-mt-lg-60 brz-lh-lg-1_2 brz-ls-lg-0 brz-fw-lg-400 brz-fss-lg-px brz-fs-lg-28 brz-ft-upload brz-ff-wzboxjsqgqhchaabqhhwkjnsysfnjiaknuki brz-tp-lg-empty brz-text-lg-center brz-css-oY16o\" data-generated-css=\"brz-css-chOo9\" data-uniq-id=\"bR7oV\"><strong class=\"brz-cp-color3\">Certificaci\u00f3n TIC<\/strong><\/p>\n<p class=\"brz-lh-lg-1_8 brz-ls-lg-0 brz-fw-lg-400 brz-fss-lg-px brz-fs-lg-15 brz-ft-upload brz-ff-wzboxjsqgqhchaabqhhwkjnsysfnjiaknuki brz-tp-lg-empty brz-text-lg-justify brz-css-atxji\" data-generated-css=\"brz-css-hLWB0\" data-uniq-id=\"sDWuo\"><strong class=\"brz-cp-color3\"> <\/strong><\/p>\n<p class=\"brz-text-lg-justify brz-lh-lg-1_8 brz-ls-lg-0 brz-fw-lg-400 brz-fss-lg-px brz-fs-lg-15 brz-ft-upload brz-ff-wzboxjsqgqhchaabqhhwkjnsysfnjiaknuki brz-tp-lg-empty brz-css-oEl2N\" data-generated-css=\"brz-css-eFXIA\" data-uniq-id=\"dLrIr\"><strong class=\"brz-cp-color8\">Seg\u00fan lo establecido en la&nbsp;ORDEN EDU\/597\/2025, de 9 de junio, por la que se resuelve la convocatoria para la obtenci\u00f3n de la certificaci\u00f3n del nivel de competencia digital, el Colegio ha obtenido el&nbsp;Nivel 4 &#8211; Avanzado. <\/strong><\/p>\n<p class=\"brz-text-lg-justify brz-lh-lg-1_8 brz-ls-lg-0 brz-fw-lg-400 brz-fss-lg-px brz-fs-lg-15 brz-ft-upload brz-ff-wzboxjsqgqhchaabqhhwkjnsysfnjiaknuki brz-tp-lg-empty brz-css-udSRG\" data-generated-css=\"brz-css-aIfh7\" data-uniq-id=\"hncS0\"><strong class=\"brz-cp-color8\">La validez de esta certificaci\u00f3n abarca los cursos&nbsp;2025-2026&nbsp;y&nbsp;2026-2027.<\/strong><\/p>\n<\/div>\n<\/div>\n<\/div>\n<\/div>\n<\/div>\n<div class=\"brz-columns brz-css-muck34 brz-css-1upj1up\" data-brz-custom-id=\"hyvmurpddoafzqapauwvjhxymerfgwapjsda\">\n<div class=\"brz-bg\"><\/div>\n<div class=\"brz-column__items brz-css-1vufn51\">\n<div id=\"\" class=\"brz-css-7u6mbw brz-css-1wc2oj7 brz-wrapper\">\n<div class=\"brz-image brz-css-18bo1bs\" data-brz-custom-id=\"boaollzajnegmpfxpqwaclkocuhtpickdahy\"><picture class=\"brz-picture brz-d-block brz-p-relative brz-css-h5yus9 brz-css-1tw0mcj\"><source srcset=\"https:\/\/colegiolourdes.es\/wp-content\/uploads\/2025\/09\/CoDICeTIC_4_banners_2526_2627-1.png 1x, https:\/\/colegiolourdes.es\/wp-content\/uploads\/2025\/09\/CoDICeTIC_4_banners_2526_2627-1.png 2x\" media=\"(min-width: 992px)\"><source srcset=\"https:\/\/colegiolourdes.es\/wp-content\/uploads\/2025\/09\/CoDICeTIC_4_banners_2526_2627-1.png 1x, https:\/\/colegiolourdes.es\/wp-content\/uploads\/2025\/09\/CoDICeTIC_4_banners_2526_2627-1.png 2x\" media=\"(min-width: 768px)\"><img decoding=\"async\" class=\"brz-img\" srcset=\"https:\/\/colegiolourdes.es\/wp-content\/uploads\/2025\/09\/CoDICeTIC_4_banners_2526_2627-1.png 1x, https:\/\/colegiolourdes.es\/wp-content\/uploads\/2025\/09\/CoDICeTIC_4_banners_2526_2627-1.png 2x\" src=\"https:\/\/colegiolourdes.es\/wp-content\/uploads\/2025\/09\/CoDICeTIC_4_banners_2526_2627-1.png\" alt=\"\" draggable=\"false\" loading=\"lazy\"><\/picture><\/div>\n<\/div>\n<\/div>\n<\/div>\n<\/div>\n<\/div>\n<div id=\"\" class=\"brz-css-7u6mbw brz-css-l4di9z brz-wrapper\">\n<div class=\"brz-spacer brz-css-1p4a20d\"><\/div>\n<\/div>\n<div id=\"\" class=\"brz-css-7u6mbw brz-wrapper\">\n<div class=\"brz-image brz-css-1s5bhvt\" data-brz-custom-id=\"f6VB1wMG0qke\"><picture class=\"brz-picture brz-d-block brz-p-relative brz-css-zcjct\"><source srcset=\"https:\/\/colegiolourdes.es\/wp-content\/uploads\/brizy\/imgs\/2023_12_19_Logo-C19-C20-y-C21-1170x91x0x0x1170x90x1710618995.jpg 1x, https:\/\/colegiolourdes.es\/wp-content\/uploads\/brizy\/imgs\/2023_12_19_Logo-C19-C20-y-C21-2340x182x0x0x2340x180x1710618995.jpg 2x\" media=\"(min-width: 992px)\"><source srcset=\"https:\/\/colegiolourdes.es\/wp-content\/uploads\/brizy\/imgs\/2023_12_19_Logo-C19-C20-y-C21-768x60x0x0x768x59x1710618995.jpg 1x, https:\/\/colegiolourdes.es\/wp-content\/uploads\/brizy\/imgs\/2023_12_19_Logo-C19-C20-y-C21-1536x120x0x0x1536x118x1710618995.jpg 2x\" media=\"(min-width: 768px)\"><img decoding=\"async\" class=\"brz-img\" srcset=\"https:\/\/colegiolourdes.es\/wp-content\/uploads\/brizy\/imgs\/2023_12_19_Logo-C19-C20-y-C21-430x33x0x0x430x33x1710618995.jpg 1x, https:\/\/colegiolourdes.es\/wp-content\/uploads\/brizy\/imgs\/2023_12_19_Logo-C19-C20-y-C21-860x66x0x0x860x66x1710618995.jpg 2x\" src=\"https:\/\/colegiolourdes.es\/wp-content\/uploads\/brizy\/imgs\/2023_12_19_Logo-C19-C20-y-C21-1170x91x0x0x1170x90x1710618995.jpg\" alt=\"\" draggable=\"false\" loading=\"lazy\"><\/picture><\/div>\n<\/div>\n<\/div>\n<\/div>\n<\/section>\n<\/div>\n<p>    <!-- version:1756884440 --><\/p>\n","protected":false},"excerpt":{"rendered":"<p>Plan TIC Plan TIC El Colegio Lourdes siempre ha procurado mantener la innovaci\u00f3n como uno de los pilares centrales de su acci\u00f3n educativa, tanto en la parte pedag\u00f3gica, de gesti\u00f3n o, c\u00f3mo no, en la implantaci\u00f3n de las TIC en todos los \u00e1mbitos colegiales. Acceso al Plan TIC Certificaci\u00f3n TIC Certificaci\u00f3n TIC Seg\u00fan lo establecido&hellip; <a class=\"more-link\" href=\"https:\/\/colegiolourdes.es\/index.php\/certificacion-tic\/\">Seguir leyendo <span class=\"screen-reader-text\">Certificaci\u00f3n TIC<\/span><\/a><\/p>\n","protected":false},"author":5,"featured_media":0,"parent":0,"menu_order":0,"comment_status":"closed","ping_status":"closed","template":"brizy-blank-template.php","meta":{"footnotes":""},"class_list":["post-48458","page","type-page","status-publish","hentry","entry"],"yoast_head":"<!-- This site is optimized with the Yoast SEO plugin v27.3 - https:\/\/yoast.com\/product\/yoast-seo-wordpress\/ -->\n<title>Certificaci\u00f3n TIC - Colegio Lourdes<\/title>\n<meta name=\"robots\" content=\"index, follow, max-snippet:-1, max-image-preview:large, max-video-preview:-1\" \/>\n<link rel=\"canonical\" href=\"https:\/\/colegiolourdes.es\/index.php\/certificacion-tic\/\" \/>\n<meta property=\"og:locale\" content=\"es_ES\" \/>\n<meta property=\"og:type\" content=\"article\" \/>\n<meta property=\"og:title\" content=\"Certificaci\u00f3n TIC - Colegio Lourdes\" \/>\n<meta property=\"og:description\" content=\"Plan TIC Plan TIC El Colegio Lourdes siempre ha procurado mantener la innovaci\u00f3n como uno de los pilares centrales de su acci\u00f3n educativa, tanto en la parte pedag\u00f3gica, de gesti\u00f3n o, c\u00f3mo no, en la implantaci\u00f3n de las TIC en todos los \u00e1mbitos colegiales. Acceso al Plan TIC Certificaci\u00f3n TIC Certificaci\u00f3n TIC Seg\u00fan lo establecido&hellip; Seguir leyendo Certificaci\u00f3n TIC\" \/>\n<meta property=\"og:url\" content=\"https:\/\/colegiolourdes.es\/index.php\/certificacion-tic\/\" \/>\n<meta property=\"og:site_name\" content=\"Colegio Lourdes\" \/>\n<meta property=\"article:publisher\" content=\"https:\/\/www.facebook.com\/colegiolourdesva\" \/>\n<meta property=\"article:modified_time\" content=\"2025-09-03T07:27:21+00:00\" \/>\n<meta property=\"og:image\" content=\"https:\/\/colegiolourdes.es\/wp-content\/uploads\/brizy\/imgs\/TIC.Lourdes-559x269x0x0x559x237x1664952090.jpg\" \/>\n<meta name=\"twitter:card\" content=\"summary_large_image\" \/>\n<meta name=\"twitter:site\" content=\"@ColeLourdesVa\" \/>\n<meta name=\"twitter:label1\" content=\"Tiempo de lectura\" \/>\n\t<meta name=\"twitter:data1\" content=\"1 minuto\" \/>\n<script type=\"application\/ld+json\" class=\"yoast-schema-graph\">{\"@context\":\"https:\\\/\\\/schema.org\",\"@graph\":[{\"@type\":\"WebPage\",\"@id\":\"https:\\\/\\\/colegiolourdes.es\\\/index.php\\\/certificacion-tic\\\/\",\"url\":\"https:\\\/\\\/colegiolourdes.es\\\/index.php\\\/certificacion-tic\\\/\",\"name\":\"Certificaci\u00f3n TIC - Colegio Lourdes\",\"isPartOf\":{\"@id\":\"https:\\\/\\\/colegiolourdes.es\\\/#website\"},\"primaryImageOfPage\":{\"@id\":\"https:\\\/\\\/colegiolourdes.es\\\/index.php\\\/certificacion-tic\\\/#primaryimage\"},\"image\":{\"@id\":\"https:\\\/\\\/colegiolourdes.es\\\/index.php\\\/certificacion-tic\\\/#primaryimage\"},\"thumbnailUrl\":\"https:\\\/\\\/colegiolourdes.es\\\/wp-content\\\/uploads\\\/brizy\\\/imgs\\\/TIC.Lourdes-559x269x0x0x559x237x1664952090.jpg\",\"datePublished\":\"2022-10-05T06:44:43+00:00\",\"dateModified\":\"2025-09-03T07:27:21+00:00\",\"inLanguage\":\"es\",\"potentialAction\":[{\"@type\":\"ReadAction\",\"target\":[\"https:\\\/\\\/colegiolourdes.es\\\/index.php\\\/certificacion-tic\\\/\"]}]},{\"@type\":\"ImageObject\",\"inLanguage\":\"es\",\"@id\":\"https:\\\/\\\/colegiolourdes.es\\\/index.php\\\/certificacion-tic\\\/#primaryimage\",\"url\":\"https:\\\/\\\/colegiolourdes.es\\\/wp-content\\\/uploads\\\/brizy\\\/imgs\\\/TIC.Lourdes-559x269x0x0x559x237x1664952090.jpg\",\"contentUrl\":\"https:\\\/\\\/colegiolourdes.es\\\/wp-content\\\/uploads\\\/brizy\\\/imgs\\\/TIC.Lourdes-559x269x0x0x559x237x1664952090.jpg\"},{\"@type\":\"WebSite\",\"@id\":\"https:\\\/\\\/colegiolourdes.es\\\/#website\",\"url\":\"https:\\\/\\\/colegiolourdes.es\\\/\",\"name\":\"Colegio Lourdes\",\"description\":\"Web del Colegio Nuestra Se\u00f1ora de Lourdes de Valladolid.\",\"publisher\":{\"@id\":\"https:\\\/\\\/colegiolourdes.es\\\/#organization\"},\"alternateName\":\"Colegio Nuestra Se\u00f1ora de Lourdes\",\"potentialAction\":[{\"@type\":\"SearchAction\",\"target\":{\"@type\":\"EntryPoint\",\"urlTemplate\":\"https:\\\/\\\/colegiolourdes.es\\\/?s={search_term_string}\"},\"query-input\":{\"@type\":\"PropertyValueSpecification\",\"valueRequired\":true,\"valueName\":\"search_term_string\"}}],\"inLanguage\":\"es\"},{\"@type\":\"Organization\",\"@id\":\"https:\\\/\\\/colegiolourdes.es\\\/#organization\",\"name\":\"Colegio Nuestra Se\u00f1ora de Lourdes\",\"alternateName\":\"Colegio Lourdes Valladolid\",\"url\":\"https:\\\/\\\/colegiolourdes.es\\\/\",\"logo\":{\"@type\":\"ImageObject\",\"inLanguage\":\"es\",\"@id\":\"https:\\\/\\\/colegiolourdes.es\\\/#\\\/schema\\\/logo\\\/image\\\/\",\"url\":\"https:\\\/\\\/colegiolourdes.es\\\/wp-content\\\/uploads\\\/2021\\\/11\\\/cropped-Escudo.png\",\"contentUrl\":\"https:\\\/\\\/colegiolourdes.es\\\/wp-content\\\/uploads\\\/2021\\\/11\\\/cropped-Escudo.png\",\"width\":85,\"height\":105,\"caption\":\"Colegio Nuestra Se\u00f1ora de Lourdes\"},\"image\":{\"@id\":\"https:\\\/\\\/colegiolourdes.es\\\/#\\\/schema\\\/logo\\\/image\\\/\"},\"sameAs\":[\"https:\\\/\\\/www.facebook.com\\\/colegiolourdesva\",\"https:\\\/\\\/x.com\\\/ColeLourdesVa\",\"https:\\\/\\\/www.instagram.com\\\/colegio_lourdes_valladolid\\\/\"]}]}<\/script>\n<!-- \/ Yoast SEO plugin. -->","yoast_head_json":{"title":"Certificaci\u00f3n TIC - Colegio Lourdes","robots":{"index":"index","follow":"follow","max-snippet":"max-snippet:-1","max-image-preview":"max-image-preview:large","max-video-preview":"max-video-preview:-1"},"canonical":"https:\/\/colegiolourdes.es\/index.php\/certificacion-tic\/","og_locale":"es_ES","og_type":"article","og_title":"Certificaci\u00f3n TIC - Colegio Lourdes","og_description":"Plan TIC Plan TIC El Colegio Lourdes siempre ha procurado mantener la innovaci\u00f3n como uno de los pilares centrales de su acci\u00f3n educativa, tanto en la parte pedag\u00f3gica, de gesti\u00f3n o, c\u00f3mo no, en la implantaci\u00f3n de las TIC en todos los \u00e1mbitos colegiales. Acceso al Plan TIC Certificaci\u00f3n TIC Certificaci\u00f3n TIC Seg\u00fan lo establecido&hellip; Seguir leyendo Certificaci\u00f3n TIC","og_url":"https:\/\/colegiolourdes.es\/index.php\/certificacion-tic\/","og_site_name":"Colegio Lourdes","article_publisher":"https:\/\/www.facebook.com\/colegiolourdesva","article_modified_time":"2025-09-03T07:27:21+00:00","og_image":[{"url":"https:\/\/colegiolourdes.es\/wp-content\/uploads\/brizy\/imgs\/TIC.Lourdes-559x269x0x0x559x237x1664952090.jpg","type":"","width":"","height":""}],"twitter_card":"summary_large_image","twitter_site":"@ColeLourdesVa","twitter_misc":{"Tiempo de lectura":"1 minuto"},"schema":{"@context":"https:\/\/schema.org","@graph":[{"@type":"WebPage","@id":"https:\/\/colegiolourdes.es\/index.php\/certificacion-tic\/","url":"https:\/\/colegiolourdes.es\/index.php\/certificacion-tic\/","name":"Certificaci\u00f3n TIC - Colegio Lourdes","isPartOf":{"@id":"https:\/\/colegiolourdes.es\/#website"},"primaryImageOfPage":{"@id":"https:\/\/colegiolourdes.es\/index.php\/certificacion-tic\/#primaryimage"},"image":{"@id":"https:\/\/colegiolourdes.es\/index.php\/certificacion-tic\/#primaryimage"},"thumbnailUrl":"https:\/\/colegiolourdes.es\/wp-content\/uploads\/brizy\/imgs\/TIC.Lourdes-559x269x0x0x559x237x1664952090.jpg","datePublished":"2022-10-05T06:44:43+00:00","dateModified":"2025-09-03T07:27:21+00:00","inLanguage":"es","potentialAction":[{"@type":"ReadAction","target":["https:\/\/colegiolourdes.es\/index.php\/certificacion-tic\/"]}]},{"@type":"ImageObject","inLanguage":"es","@id":"https:\/\/colegiolourdes.es\/index.php\/certificacion-tic\/#primaryimage","url":"https:\/\/colegiolourdes.es\/wp-content\/uploads\/brizy\/imgs\/TIC.Lourdes-559x269x0x0x559x237x1664952090.jpg","contentUrl":"https:\/\/colegiolourdes.es\/wp-content\/uploads\/brizy\/imgs\/TIC.Lourdes-559x269x0x0x559x237x1664952090.jpg"},{"@type":"WebSite","@id":"https:\/\/colegiolourdes.es\/#website","url":"https:\/\/colegiolourdes.es\/","name":"Colegio Lourdes","description":"Web del Colegio Nuestra Se\u00f1ora de Lourdes de Valladolid.","publisher":{"@id":"https:\/\/colegiolourdes.es\/#organization"},"alternateName":"Colegio Nuestra Se\u00f1ora de Lourdes","potentialAction":[{"@type":"SearchAction","target":{"@type":"EntryPoint","urlTemplate":"https:\/\/colegiolourdes.es\/?s={search_term_string}"},"query-input":{"@type":"PropertyValueSpecification","valueRequired":true,"valueName":"search_term_string"}}],"inLanguage":"es"},{"@type":"Organization","@id":"https:\/\/colegiolourdes.es\/#organization","name":"Colegio Nuestra Se\u00f1ora de Lourdes","alternateName":"Colegio Lourdes Valladolid","url":"https:\/\/colegiolourdes.es\/","logo":{"@type":"ImageObject","inLanguage":"es","@id":"https:\/\/colegiolourdes.es\/#\/schema\/logo\/image\/","url":"https:\/\/colegiolourdes.es\/wp-content\/uploads\/2021\/11\/cropped-Escudo.png","contentUrl":"https:\/\/colegiolourdes.es\/wp-content\/uploads\/2021\/11\/cropped-Escudo.png","width":85,"height":105,"caption":"Colegio Nuestra Se\u00f1ora de Lourdes"},"image":{"@id":"https:\/\/colegiolourdes.es\/#\/schema\/logo\/image\/"},"sameAs":["https:\/\/www.facebook.com\/colegiolourdesva","https:\/\/x.com\/ColeLourdesVa","https:\/\/www.instagram.com\/colegio_lourdes_valladolid\/"]}]}},"_links":{"self":[{"href":"https:\/\/colegiolourdes.es\/index.php\/wp-json\/wp\/v2\/pages\/48458","targetHints":{"allow":["GET"]}}],"collection":[{"href":"https:\/\/colegiolourdes.es\/index.php\/wp-json\/wp\/v2\/pages"}],"about":[{"href":"https:\/\/colegiolourdes.es\/index.php\/wp-json\/wp\/v2\/types\/page"}],"author":[{"embeddable":true,"href":"https:\/\/colegiolourdes.es\/index.php\/wp-json\/wp\/v2\/users\/5"}],"replies":[{"embeddable":true,"href":"https:\/\/colegiolourdes.es\/index.php\/wp-json\/wp\/v2\/comments?post=48458"}],"version-history":[{"count":13,"href":"https:\/\/colegiolourdes.es\/index.php\/wp-json\/wp\/v2\/pages\/48458\/revisions"}],"predecessor-version":[{"id":77749,"href":"https:\/\/colegiolourdes.es\/index.php\/wp-json\/wp\/v2\/pages\/48458\/revisions\/77749"}],"wp:attachment":[{"href":"https:\/\/colegiolourdes.es\/index.php\/wp-json\/wp\/v2\/media?parent=48458"}],"curies":[{"name":"wp","href":"https:\/\/api.w.org\/{rel}","templated":true}]}}