{"id":61919,"date":"2023-06-26T09:43:17","date_gmt":"2023-06-26T07:43:17","guid":{"rendered":"https:\/\/colegiolourdes.es\/?post_type=product&#038;p=61919"},"modified":"2026-03-11T11:09:01","modified_gmt":"2026-03-11T10:09:01","slug":"chaqueta-chandal","status":"publish","type":"product","link":"https:\/\/colegiolourdes.es\/index.php\/producto\/chaqueta-chandal\/","title":{"rendered":"Chaqueta Ch\u00e1ndal"},"content":{"rendered":"<p>Chaqueta Ch\u00e1ndal<\/p>\n","protected":false},"excerpt":{"rendered":"<p>Chaqueta Ch\u00e1ndal<\/p>\n","protected":false},"featured_media":17321,"comment_status":"closed","ping_status":"closed","template":"","meta":[],"product_brand":[],"product_cat":[72],"product_tag":[],"class_list":{"0":"post-61919","1":"product","2":"type-product","3":"status-publish","4":"has-post-thumbnail","6":"product_cat-ropa-deportiva","7":"entry","9":"first","10":"instock","11":"taxable","12":"shipping-taxable","13":"purchasable","14":"product-type-variable"},"yoast_head":"<!-- This site is optimized with the Yoast SEO plugin v27.3 - https:\/\/yoast.com\/product\/yoast-seo-wordpress\/ -->\n<title>Chaqueta Ch\u00e1ndal - Colegio Lourdes<\/title>\n<meta name=\"description\" content=\"Pantal\u00f3n Ch\u00e1ndal (tallas S-M-L-XL-XXL)\" \/>\n<meta name=\"robots\" content=\"index, follow, max-snippet:-1, max-image-preview:large, max-video-preview:-1\" \/>\n<link rel=\"canonical\" href=\"https:\/\/colegiolourdes.es\/index.php\/producto\/chaqueta-chandal\/\" \/>\n<meta property=\"og:locale\" content=\"es_ES\" \/>\n<meta property=\"og:type\" content=\"article\" \/>\n<meta property=\"og:title\" content=\"Chaqueta Ch\u00e1ndal - Colegio Lourdes\" \/>\n<meta property=\"og:description\" content=\"Pantal\u00f3n Ch\u00e1ndal (tallas S-M-L-XL-XXL)\" \/>\n<meta property=\"og:url\" content=\"https:\/\/colegiolourdes.es\/index.php\/producto\/chaqueta-chandal\/\" \/>\n<meta property=\"og:site_name\" content=\"Colegio Lourdes\" \/>\n<meta property=\"article:publisher\" content=\"https:\/\/www.facebook.com\/colegiolourdesva\" \/>\n<meta property=\"article:modified_time\" content=\"2026-03-11T10:09:01+00:00\" \/>\n<meta property=\"og:image\" content=\"https:\/\/colegiolourdes.es\/wp-content\/uploads\/2021\/12\/Chandal.png\" \/>\n\t<meta property=\"og:image:width\" content=\"458\" \/>\n\t<meta property=\"og:image:height\" content=\"422\" \/>\n\t<meta property=\"og:image:type\" content=\"image\/png\" \/>\n<meta name=\"twitter:card\" content=\"summary_large_image\" \/>\n<meta name=\"twitter:site\" content=\"@ColeLourdesVa\" \/>\n<meta name=\"twitter:label1\" content=\"Tiempo de lectura\" \/>\n\t<meta name=\"twitter:data1\" content=\"1 minuto\" \/>\n<script type=\"application\/ld+json\" class=\"yoast-schema-graph\">{\"@context\":\"https:\\\/\\\/schema.org\",\"@graph\":[{\"@type\":\"WebPage\",\"@id\":\"https:\\\/\\\/colegiolourdes.es\\\/index.php\\\/producto\\\/chaqueta-chandal\\\/\",\"url\":\"https:\\\/\\\/colegiolourdes.es\\\/index.php\\\/producto\\\/chaqueta-chandal\\\/\",\"name\":\"Chaqueta Ch\u00e1ndal - Colegio Lourdes\",\"isPartOf\":{\"@id\":\"https:\\\/\\\/colegiolourdes.es\\\/#website\"},\"primaryImageOfPage\":{\"@id\":\"https:\\\/\\\/colegiolourdes.es\\\/index.php\\\/producto\\\/chaqueta-chandal\\\/#primaryimage\"},\"image\":{\"@id\":\"https:\\\/\\\/colegiolourdes.es\\\/index.php\\\/producto\\\/chaqueta-chandal\\\/#primaryimage\"},\"thumbnailUrl\":\"https:\\\/\\\/colegiolourdes.es\\\/wp-content\\\/uploads\\\/2021\\\/12\\\/Chandal.png\",\"datePublished\":\"2023-06-26T07:43:17+00:00\",\"dateModified\":\"2026-03-11T10:09:01+00:00\",\"description\":\"Pantal\u00f3n Ch\u00e1ndal (tallas S-M-L-XL-XXL)\",\"breadcrumb\":{\"@id\":\"https:\\\/\\\/colegiolourdes.es\\\/index.php\\\/producto\\\/chaqueta-chandal\\\/#breadcrumb\"},\"inLanguage\":\"es\",\"potentialAction\":[{\"@type\":\"ReadAction\",\"target\":[\"https:\\\/\\\/colegiolourdes.es\\\/index.php\\\/producto\\\/chaqueta-chandal\\\/\"]}]},{\"@type\":\"ImageObject\",\"inLanguage\":\"es\",\"@id\":\"https:\\\/\\\/colegiolourdes.es\\\/index.php\\\/producto\\\/chaqueta-chandal\\\/#primaryimage\",\"url\":\"https:\\\/\\\/colegiolourdes.es\\\/wp-content\\\/uploads\\\/2021\\\/12\\\/Chandal.png\",\"contentUrl\":\"https:\\\/\\\/colegiolourdes.es\\\/wp-content\\\/uploads\\\/2021\\\/12\\\/Chandal.png\",\"width\":458,\"height\":422},{\"@type\":\"BreadcrumbList\",\"@id\":\"https:\\\/\\\/colegiolourdes.es\\\/index.php\\\/producto\\\/chaqueta-chandal\\\/#breadcrumb\",\"itemListElement\":[{\"@type\":\"ListItem\",\"position\":1,\"name\":\"Tienda\",\"item\":\"https:\\\/\\\/colegiolourdes.es\\\/index.php\\\/tienda\\\/\"},{\"@type\":\"ListItem\",\"position\":2,\"name\":\"Chaqueta Ch\u00e1ndal\"}]},{\"@type\":\"WebSite\",\"@id\":\"https:\\\/\\\/colegiolourdes.es\\\/#website\",\"url\":\"https:\\\/\\\/colegiolourdes.es\\\/\",\"name\":\"Colegio Lourdes\",\"description\":\"Web del Colegio Nuestra Se\u00f1ora de Lourdes de Valladolid.\",\"publisher\":{\"@id\":\"https:\\\/\\\/colegiolourdes.es\\\/#organization\"},\"alternateName\":\"Colegio Nuestra Se\u00f1ora de Lourdes\",\"potentialAction\":[{\"@type\":\"SearchAction\",\"target\":{\"@type\":\"EntryPoint\",\"urlTemplate\":\"https:\\\/\\\/colegiolourdes.es\\\/?s={search_term_string}\"},\"query-input\":{\"@type\":\"PropertyValueSpecification\",\"valueRequired\":true,\"valueName\":\"search_term_string\"}}],\"inLanguage\":\"es\"},{\"@type\":\"Organization\",\"@id\":\"https:\\\/\\\/colegiolourdes.es\\\/#organization\",\"name\":\"Colegio Nuestra Se\u00f1ora de Lourdes\",\"alternateName\":\"Colegio Lourdes Valladolid\",\"url\":\"https:\\\/\\\/colegiolourdes.es\\\/\",\"logo\":{\"@type\":\"ImageObject\",\"inLanguage\":\"es\",\"@id\":\"https:\\\/\\\/colegiolourdes.es\\\/#\\\/schema\\\/logo\\\/image\\\/\",\"url\":\"https:\\\/\\\/colegiolourdes.es\\\/wp-content\\\/uploads\\\/2021\\\/11\\\/cropped-Escudo.png\",\"contentUrl\":\"https:\\\/\\\/colegiolourdes.es\\\/wp-content\\\/uploads\\\/2021\\\/11\\\/cropped-Escudo.png\",\"width\":85,\"height\":105,\"caption\":\"Colegio Nuestra Se\u00f1ora de Lourdes\"},\"image\":{\"@id\":\"https:\\\/\\\/colegiolourdes.es\\\/#\\\/schema\\\/logo\\\/image\\\/\"},\"sameAs\":[\"https:\\\/\\\/www.facebook.com\\\/colegiolourdesva\",\"https:\\\/\\\/x.com\\\/ColeLourdesVa\",\"https:\\\/\\\/www.instagram.com\\\/colegio_lourdes_valladolid\\\/\"]}]}<\/script>\n<!-- \/ Yoast SEO plugin. -->","yoast_head_json":{"title":"Chaqueta Ch\u00e1ndal - Colegio Lourdes","description":"Pantal\u00f3n Ch\u00e1ndal (tallas S-M-L-XL-XXL)","robots":{"index":"index","follow":"follow","max-snippet":"max-snippet:-1","max-image-preview":"max-image-preview:large","max-video-preview":"max-video-preview:-1"},"canonical":"https:\/\/colegiolourdes.es\/index.php\/producto\/chaqueta-chandal\/","og_locale":"es_ES","og_type":"article","og_title":"Chaqueta Ch\u00e1ndal - Colegio Lourdes","og_description":"Pantal\u00f3n Ch\u00e1ndal (tallas S-M-L-XL-XXL)","og_url":"https:\/\/colegiolourdes.es\/index.php\/producto\/chaqueta-chandal\/","og_site_name":"Colegio Lourdes","article_publisher":"https:\/\/www.facebook.com\/colegiolourdesva","article_modified_time":"2026-03-11T10:09:01+00:00","og_image":[{"width":458,"height":422,"url":"https:\/\/colegiolourdes.es\/wp-content\/uploads\/2021\/12\/Chandal.png","type":"image\/png"}],"twitter_card":"summary_large_image","twitter_site":"@ColeLourdesVa","twitter_misc":{"Tiempo de lectura":"1 minuto"},"schema":{"@context":"https:\/\/schema.org","@graph":[{"@type":"WebPage","@id":"https:\/\/colegiolourdes.es\/index.php\/producto\/chaqueta-chandal\/","url":"https:\/\/colegiolourdes.es\/index.php\/producto\/chaqueta-chandal\/","name":"Chaqueta Ch\u00e1ndal - Colegio Lourdes","isPartOf":{"@id":"https:\/\/colegiolourdes.es\/#website"},"primaryImageOfPage":{"@id":"https:\/\/colegiolourdes.es\/index.php\/producto\/chaqueta-chandal\/#primaryimage"},"image":{"@id":"https:\/\/colegiolourdes.es\/index.php\/producto\/chaqueta-chandal\/#primaryimage"},"thumbnailUrl":"https:\/\/colegiolourdes.es\/wp-content\/uploads\/2021\/12\/Chandal.png","datePublished":"2023-06-26T07:43:17+00:00","dateModified":"2026-03-11T10:09:01+00:00","description":"Pantal\u00f3n Ch\u00e1ndal (tallas S-M-L-XL-XXL)","breadcrumb":{"@id":"https:\/\/colegiolourdes.es\/index.php\/producto\/chaqueta-chandal\/#breadcrumb"},"inLanguage":"es","potentialAction":[{"@type":"ReadAction","target":["https:\/\/colegiolourdes.es\/index.php\/producto\/chaqueta-chandal\/"]}]},{"@type":"ImageObject","inLanguage":"es","@id":"https:\/\/colegiolourdes.es\/index.php\/producto\/chaqueta-chandal\/#primaryimage","url":"https:\/\/colegiolourdes.es\/wp-content\/uploads\/2021\/12\/Chandal.png","contentUrl":"https:\/\/colegiolourdes.es\/wp-content\/uploads\/2021\/12\/Chandal.png","width":458,"height":422},{"@type":"BreadcrumbList","@id":"https:\/\/colegiolourdes.es\/index.php\/producto\/chaqueta-chandal\/#breadcrumb","itemListElement":[{"@type":"ListItem","position":1,"name":"Tienda","item":"https:\/\/colegiolourdes.es\/index.php\/tienda\/"},{"@type":"ListItem","position":2,"name":"Chaqueta Ch\u00e1ndal"}]},{"@type":"WebSite","@id":"https:\/\/colegiolourdes.es\/#website","url":"https:\/\/colegiolourdes.es\/","name":"Colegio Lourdes","description":"Web del Colegio Nuestra Se\u00f1ora de Lourdes de Valladolid.","publisher":{"@id":"https:\/\/colegiolourdes.es\/#organization"},"alternateName":"Colegio Nuestra Se\u00f1ora de Lourdes","potentialAction":[{"@type":"SearchAction","target":{"@type":"EntryPoint","urlTemplate":"https:\/\/colegiolourdes.es\/?s={search_term_string}"},"query-input":{"@type":"PropertyValueSpecification","valueRequired":true,"valueName":"search_term_string"}}],"inLanguage":"es"},{"@type":"Organization","@id":"https:\/\/colegiolourdes.es\/#organization","name":"Colegio Nuestra Se\u00f1ora de Lourdes","alternateName":"Colegio Lourdes Valladolid","url":"https:\/\/colegiolourdes.es\/","logo":{"@type":"ImageObject","inLanguage":"es","@id":"https:\/\/colegiolourdes.es\/#\/schema\/logo\/image\/","url":"https:\/\/colegiolourdes.es\/wp-content\/uploads\/2021\/11\/cropped-Escudo.png","contentUrl":"https:\/\/colegiolourdes.es\/wp-content\/uploads\/2021\/11\/cropped-Escudo.png","width":85,"height":105,"caption":"Colegio Nuestra Se\u00f1ora de Lourdes"},"image":{"@id":"https:\/\/colegiolourdes.es\/#\/schema\/logo\/image\/"},"sameAs":["https:\/\/www.facebook.com\/colegiolourdesva","https:\/\/x.com\/ColeLourdesVa","https:\/\/www.instagram.com\/colegio_lourdes_valladolid\/"]}]}},"_links":{"self":[{"href":"https:\/\/colegiolourdes.es\/index.php\/wp-json\/wp\/v2\/product\/61919","targetHints":{"allow":["GET"]}}],"collection":[{"href":"https:\/\/colegiolourdes.es\/index.php\/wp-json\/wp\/v2\/product"}],"about":[{"href":"https:\/\/colegiolourdes.es\/index.php\/wp-json\/wp\/v2\/types\/product"}],"replies":[{"embeddable":true,"href":"https:\/\/colegiolourdes.es\/index.php\/wp-json\/wp\/v2\/comments?post=61919"}],"wp:featuredmedia":[{"embeddable":true,"href":"https:\/\/colegiolourdes.es\/index.php\/wp-json\/wp\/v2\/media\/17321"}],"wp:attachment":[{"href":"https:\/\/colegiolourdes.es\/index.php\/wp-json\/wp\/v2\/media?parent=61919"}],"wp:term":[{"taxonomy":"product_brand","embeddable":true,"href":"https:\/\/colegiolourdes.es\/index.php\/wp-json\/wp\/v2\/product_brand?post=61919"},{"taxonomy":"product_cat","embeddable":true,"href":"https:\/\/colegiolourdes.es\/index.php\/wp-json\/wp\/v2\/product_cat?post=61919"},{"taxonomy":"product_tag","embeddable":true,"href":"https:\/\/colegiolourdes.es\/index.php\/wp-json\/wp\/v2\/product_tag?post=61919"}],"curies":[{"name":"wp","href":"https:\/\/api.w.org\/{rel}","templated":true}]}}